{"id":16,"date":"2023-03-30T14:56:13","date_gmt":"2023-03-30T14:56:13","guid":{"rendered":"http:\/\/localhost\/wordpress\/?page_id=16"},"modified":"2025-04-08T17:05:31","modified_gmt":"2025-04-08T17:05:31","slug":"a-propos","status":"publish","type":"page","link":"https:\/\/ofnac.gouv.ht\/index.php\/a-propos\/","title":{"rendered":"A Propos"},"content":{"rendered":"<p><div class=\"fusion-fullwidth fullwidth-box fusion-builder-row-1 fusion-flex-container has-pattern-background has-mask-background nonhundred-percent-fullwidth non-hundred-percent-height-scrolling\" style=\"--link_color: #ffffff;--awb-border-radius-top-left:0px;--awb-border-radius-top-right:0px;--awb-border-radius-bottom-right:0px;--awb-border-radius-bottom-left:0px;--awb-background-color:#0d70bc;\" ><div class=\"fusion-builder-row fusion-row fusion-flex-align-items-flex-start\" style=\"max-width:1248px;margin-left: calc(-4% \/ 2 );margin-right: calc(-4% \/ 2 );\"><div class=\"fusion-layout-column fusion_builder_column fusion-builder-column-0 fusion_builder_column_1_1 1_1 fusion-flex-column\" style=\"--awb-bg-size:cover;--awb-width-large:100%;--awb-margin-top-large:0px;--awb-spacing-right-large:1.92%;--awb-margin-bottom-large:20px;--awb-spacing-left-large:1.92%;--awb-width-medium:100%;--awb-order-medium:0;--awb-spacing-right-medium:1.92%;--awb-spacing-left-medium:1.92%;--awb-width-small:100%;--awb-order-small:0;--awb-spacing-right-small:1.92%;--awb-spacing-left-small:1.92%;\"><div class=\"fusion-column-wrapper fusion-column-has-shadow fusion-flex-justify-content-flex-start fusion-content-layout-column\"><div class=\"fusion-title title fusion-title-1 fusion-sep-none fusion-title-center fusion-title-text fusion-title-size-one fusion-animated\" style=\"--awb-text-color:#ffffff;--awb-margin-top:30px;--awb-margin-bottom:20px;--awb-font-size:50px;\" data-animationType=\"fadeInLeft\" data-animationDuration=\"0.1\" data-animationOffset=\"top-into-view\"><h1 class=\"title-heading-center fusion-responsive-typography-calculated\" style=\"font-family:&#039;MS Sans Serif&#039;, Geneva, sans-serif;font-style:normal;font-weight:400;margin:0;font-size:1em;letter-spacing:-0.0005em;text-transform:var(--awb-typography1-text-transform);--fontSize:50;line-height:var(--awb-typography1-line-height);\"><p style=\"text-align: center;\"><a href=\"https:\/\/ofnac.gouv.ht\/\">OFNAC<\/a><\/p><\/h1><\/div><\/div><\/div><\/div><\/div><div class=\"fusion-fullwidth fullwidth-box fusion-builder-row-2 fusion-flex-container has-pattern-background has-mask-background nonhundred-percent-fullwidth non-hundred-percent-height-scrolling\" style=\"--awb-border-radius-top-left:0px;--awb-border-radius-top-right:0px;--awb-border-radius-bottom-right:0px;--awb-border-radius-bottom-left:0px;\" ><div class=\"fusion-builder-row fusion-row fusion-flex-align-items-flex-start\" style=\"max-width:1248px;margin-left: calc(-4% \/ 2 );margin-right: calc(-4% \/ 2 );\"><div class=\"fusion-layout-column fusion_builder_column fusion-builder-column-1 fusion_builder_column_1_1 1_1 fusion-flex-column\" style=\"--awb-bg-size:cover;--awb-width-large:100%;--awb-margin-top-large:0px;--awb-spacing-right-large:1.92%;--awb-margin-bottom-large:20px;--awb-spacing-left-large:1.92%;--awb-width-medium:100%;--awb-order-medium:0;--awb-spacing-right-medium:1.92%;--awb-spacing-left-medium:1.92%;--awb-width-small:100%;--awb-order-small:0;--awb-spacing-right-small:1.92%;--awb-spacing-left-small:1.92%;\"><div class=\"fusion-column-wrapper fusion-column-has-shadow fusion-flex-justify-content-flex-start fusion-content-layout-column\"><div class=\"fusion-separator fusion-full-width-sep\" style=\"align-self: center;margin-left: auto;margin-right: auto;margin-top:10px;margin-bottom:20px;width:100%;\"><\/div><div class=\"fusion-title title fusion-title-2 fusion-title-center fusion-title-text fusion-title-size-one\" style=\"--awb-margin-top:20px;--awb-margin-bottom:20px;--awb-sep-color:#5aafed;--awb-font-size:var(--awb-typography1-font-size);\"><div class=\"title-sep-container title-sep-container-left\"><div class=\"title-sep sep-single sep-solid\" style=\"border-color:#5aafed;\"><\/div><\/div><span class=\"awb-title-spacer\"><\/span><h1 class=\"title-heading-center fusion-responsive-typography-calculated\" style=\"font-family:&#039;MS Sans Serif&#039;, Geneva, sans-serif;font-style:normal;font-weight:400;margin:0;font-size:1em;letter-spacing:var(--awb-typography1-letter-spacing);text-transform:var(--awb-typography1-text-transform);--fontSize:48;line-height:var(--awb-typography1-line-height);\"><h2 style=\"text-align: center;\">Mots du Directeur G\u00e9n\u00e9ral<\/h2><\/h1><span class=\"awb-title-spacer\"><\/span><div class=\"title-sep-container title-sep-container-right\"><div class=\"title-sep sep-single sep-solid\" style=\"border-color:#5aafed;\"><\/div><\/div><\/div><div class=\"fusion-separator fusion-full-width-sep\" style=\"align-self: center;margin-left: auto;margin-right: auto;margin-top:10px;margin-bottom:20px;width:100%;\"><\/div><div class=\"fusion-builder-row fusion-builder-row-inner fusion-row fusion-flex-align-items-flex-start\" style=\"width:104% !important;max-width:104% !important;margin-left: calc(-4% \/ 2 );margin-right: calc(-4% \/ 2 );\"><div class=\"fusion-layout-column fusion_builder_column_inner fusion-builder-nested-column-0 fusion_builder_column_inner_1_2 1_2 fusion-flex-column\" style=\"--awb-bg-size:cover;--awb-width-large:50%;--awb-margin-top-large:0px;--awb-spacing-right-large:3.84%;--awb-margin-bottom-large:20px;--awb-spacing-left-large:3.84%;--awb-width-medium:100%;--awb-order-medium:0;--awb-spacing-right-medium:1.92%;--awb-spacing-left-medium:1.92%;--awb-width-small:50%;--awb-order-small:0;--awb-spacing-right-small:3.84%;--awb-spacing-left-small:3.84%;\"><div class=\"fusion-column-wrapper fusion-column-has-shadow fusion-flex-justify-content-flex-start fusion-content-layout-column\"><div class=\"fusion-slider-sc\"><div class=\"fusion-flexslider-loading flexslider fusion-alignleft flexslider-hover-type-none\" data-slideshow_autoplay=\"1\" data-slideshow_smooth_height=\"0\" data-slideshow_speed=\"7000\" style=\"max-width:100%;height:100%;\"><ul class=\"slides\"><li class=\"image\"><span class=\"fusion-image-hover-element hover-type-none\"><img fetchpriority=\"high\" fetchpriority=\"high\" decoding=\"async\" src=\"https:\/\/ofnac.gouv.ht\/wp-content\/uploads\/2025\/04\/RG-DG-225x300.jpg\" width=\"225\" height=\"300\" class=\"wp-image-2275\" srcset=\"https:\/\/ofnac.gouv.ht\/wp-content\/uploads\/2025\/04\/RG-DG-200x267.jpg 200w, https:\/\/ofnac.gouv.ht\/wp-content\/uploads\/2025\/04\/RG-DG-400x533.jpg 400w, https:\/\/ofnac.gouv.ht\/wp-content\/uploads\/2025\/04\/RG-DG-600x800.jpg 600w, https:\/\/ofnac.gouv.ht\/wp-content\/uploads\/2025\/04\/RG-DG-800x1067.jpg 800w, https:\/\/ofnac.gouv.ht\/wp-content\/uploads\/2025\/04\/RG-DG-1200x1600.jpg 1200w, https:\/\/ofnac.gouv.ht\/wp-content\/uploads\/2025\/04\/RG-DG-scaled.jpg 1920w\" sizes=\"(max-width: 1024px) 100vw, 600px\" \/><\/span><\/li><\/ul><\/div><\/div><\/div><\/div><div class=\"fusion-layout-column fusion_builder_column_inner fusion-builder-nested-column-1 fusion_builder_column_inner_1_2 1_2 fusion-flex-column\" style=\"--awb-bg-size:cover;--awb-width-large:50%;--awb-margin-top-large:0px;--awb-spacing-right-large:3.84%;--awb-margin-bottom-large:20px;--awb-spacing-left-large:3.84%;--awb-width-medium:100%;--awb-order-medium:0;--awb-spacing-right-medium:1.92%;--awb-spacing-left-medium:1.92%;--awb-width-small:50%;--awb-order-small:0;--awb-spacing-right-small:3.84%;--awb-spacing-left-small:3.84%;\"><div class=\"fusion-column-wrapper fusion-column-has-shadow fusion-flex-justify-content-flex-start fusion-content-layout-column\"><div class=\"fusion-slider-sc\"><div class=\"fusion-flexslider-loading flexslider fusion-alignright flexslider-hover-type-none\" data-slideshow_autoplay=\"1\" data-slideshow_smooth_height=\"0\" data-slideshow_speed=\"7000\" style=\"max-width:100%;height:100%;\"><ul class=\"slides\"><li class=\"image\"><span class=\"fusion-image-hover-element hover-type-none\"><img decoding=\"async\" src=\"https:\/\/ofnac.gouv.ht\/wp-content\/uploads\/2025\/02\/Monsieur-le-Ministre-des-Travaux-Publics-Transports-et-Communications-Monsieur-le-Directeur-de-lAAN-Monsieur-le-Directeur-General-sortant-Messieurs-les-anciens-Directeurs-Generaux-les-Direct-5-229x300.jpg\" width=\"229\" height=\"300\" class=\"wp-image-2168\" srcset=\"https:\/\/ofnac.gouv.ht\/wp-content\/uploads\/2025\/02\/Monsieur-le-Ministre-des-Travaux-Publics-Transports-et-Communications-Monsieur-le-Directeur-de-lAAN-Monsieur-le-Directeur-General-sortant-Messieurs-les-anciens-Directeurs-Generaux-les-Direct-5-200x261.jpg 200w, https:\/\/ofnac.gouv.ht\/wp-content\/uploads\/2025\/02\/Monsieur-le-Ministre-des-Travaux-Publics-Transports-et-Communications-Monsieur-le-Directeur-de-lAAN-Monsieur-le-Directeur-General-sortant-Messieurs-les-anciens-Directeurs-Generaux-les-Direct-5-400x523.jpg 400w, https:\/\/ofnac.gouv.ht\/wp-content\/uploads\/2025\/02\/Monsieur-le-Ministre-des-Travaux-Publics-Transports-et-Communications-Monsieur-le-Directeur-de-lAAN-Monsieur-le-Directeur-General-sortant-Messieurs-les-anciens-Directeurs-Generaux-les-Direct-5-600x784.jpg 600w, https:\/\/ofnac.gouv.ht\/wp-content\/uploads\/2025\/02\/Monsieur-le-Ministre-des-Travaux-Publics-Transports-et-Communications-Monsieur-le-Directeur-de-lAAN-Monsieur-le-Directeur-General-sortant-Messieurs-les-anciens-Directeurs-Generaux-les-Direct-5-800x1046.jpg 800w, https:\/\/ofnac.gouv.ht\/wp-content\/uploads\/2025\/02\/Monsieur-le-Ministre-des-Travaux-Publics-Transports-et-Communications-Monsieur-le-Directeur-de-lAAN-Monsieur-le-Directeur-General-sortant-Messieurs-les-anciens-Directeurs-Generaux-les-Direct-5-1200x1569.jpg 1200w\" sizes=\"(max-width: 1024px) 100vw, 600px\" \/><\/span><\/li><\/ul><\/div><\/div><\/div><\/div><\/div><div class=\"fusion-separator fusion-full-width-sep\" style=\"align-self: center;margin-left: auto;margin-right: auto;width:100%;\"><\/div><\/div><\/div><\/div><\/div><div class=\"fusion-fullwidth fullwidth-box fusion-builder-row-3 fusion-flex-container has-pattern-background has-mask-background nonhundred-percent-fullwidth non-hundred-percent-height-scrolling\" style=\"--link_hover_color: #b6d8ed;--link_color: #239ced;--awb-border-radius-top-left:0px;--awb-border-radius-top-right:0px;--awb-border-radius-bottom-right:0px;--awb-border-radius-bottom-left:0px;\" ><div class=\"fusion-builder-row fusion-row fusion-flex-align-items-center fusion-flex-justify-content-space-evenly\" style=\"max-width:1248px;margin-left: calc(-4% \/ 2 );margin-right: calc(-4% \/ 2 );\"><div class=\"fusion-layout-column fusion_builder_column fusion-builder-column-2 fusion_builder_column_1_1 1_1 fusion-flex-column\" style=\"--awb-bg-size:cover;--awb-width-large:100%;--awb-margin-top-large:0px;--awb-spacing-right-large:1.92%;--awb-margin-bottom-large:20px;--awb-spacing-left-large:1.92%;--awb-width-medium:100%;--awb-order-medium:0;--awb-spacing-right-medium:1.92%;--awb-spacing-left-medium:1.92%;--awb-width-small:100%;--awb-order-small:0;--awb-spacing-right-small:1.92%;--awb-spacing-left-small:1.92%;\"><div class=\"fusion-column-wrapper fusion-column-has-shadow fusion-flex-justify-content-flex-start fusion-content-layout-column\"><div class=\"fusion-section-separator section-separator triangle fusion-section-separator-1\" style=\"--awb-border:2px solid #5aafed;--awb-spacer-height:calc( 2px * 2 );--awb-svg-margin-left:1.92%;--awb-svg-margin-right:1.92%;--awb-svg-margin-left-medium:1.92%;--awb-svg-margin-right-medium:1.92%;--awb-svg-margin-left-small:1.92%;--awb-svg-margin-right-small:1.92%;--awb-icon-color:var(--awb-color1);--awb-margin-top:60px;--awb-margin-bottom:60px;\"><div class=\"fusion-section-separator-svg\"><div class=\"divider-candy both\" style=\"background-color:#5aafed;border:1px solid #5aafed;\"><\/div><\/div><div class=\"fusion-section-separator-spacer\"><div class=\"fusion-section-separator-spacer-height\"><\/div><\/div><\/div><div class=\"fusion-title title fusion-title-3 fusion-sep-none fusion-title-text fusion-title-size-one\" style=\"--awb-font-size:var(--awb-typography1-font-size);\"><h1 class=\"title-heading-left fusion-responsive-typography-calculated\" style=\"font-family:var(--awb-typography1-font-family);font-weight:var(--awb-typography1-font-weight);font-style:var(--awb-typography1-font-style);margin:0;font-size:1em;letter-spacing:var(--awb-typography1-letter-spacing);text-transform:var(--awb-typography1-text-transform);--fontSize:48;line-height:var(--awb-typography1-line-height);\"><h2 style=\"text-align: center;\">Qui sommes-nous?<\/h2><\/h1><\/div><div class=\"fusion-text fusion-text-1\" style=\"--awb-content-alignment:justify;--awb-font-size:var(--awb-typography4-font-size);--awb-line-height:var(--awb-typography4-line-height);--awb-letter-spacing:var(--awb-typography4-letter-spacing);--awb-text-transform:var(--awb-typography4-text-transform);--awb-margin-right:5px;--awb-margin-left:5px;--awb-text-font-family:var(--awb-typography4-font-family);--awb-text-font-weight:var(--awb-typography4-font-weight);--awb-text-font-style:var(--awb-typography4-font-style);\"><div class=\"fusion-text\">\n<p style=\"text-align: left;\">L\u2019Office National de l\u2019Aviation Civile (OFNAC) est l\u2019organisme de l\u2019\u00e9tat en charge de l\u2019organisation et de la r\u00e9glementation du transport a\u00e9rien en Ha\u00efti.<\/p>\n<\/div>\n<\/div><div class=\"fusion-text fusion-text-2\" style=\"--awb-content-alignment:justify;--awb-font-size:var(--awb-typography4-font-size);--awb-line-height:var(--awb-typography4-line-height);--awb-letter-spacing:var(--awb-typography4-letter-spacing);--awb-text-transform:var(--awb-typography4-text-transform);--awb-margin-right:5px;--awb-margin-left:5px;--awb-text-font-family:var(--awb-typography4-font-family);--awb-text-font-weight:var(--awb-typography4-font-weight);--awb-text-font-style:var(--awb-typography4-font-style);\"><div class=\"fusion-text\">\n<p style=\"text-align: left;\">Cr\u00e9\u00e9 par le d\u00e9cret du 29 septembre 1980, il est un organisme autonome ayant la personnalit\u00e9 civile et juridique, jouissant de tous les droits et pr\u00e9rogatives d\u00e9coulant de cette qualit\u00e9.<\/p>\n<\/div>\n<\/div><div class=\"fusion-separator fusion-full-width-sep\" style=\"align-self: center;margin-left: auto;margin-right: auto;margin-top:10px;margin-bottom:30px;width:100%;\"><div class=\"fusion-separator-border sep-shadow\" style=\"--awb-height:20px;--awb-amount:20px;--awb-sep-color:#b6d8ed;background:radial-gradient(ellipse at 50% -50% , #b6d8ed 0px, rgba(255, 255, 255, 0) 80%) repeat scroll 0 0 rgba(0, 0, 0, 0);background:-webkit-radial-gradient(ellipse at 50% -50% , #b6d8ed 0px, rgba(255, 255, 255, 0) 80%) repeat scroll 0 0 rgba(0, 0, 0, 0);background:-moz-radial-gradient(ellipse at 50% -50% , #b6d8ed 0px, rgba(255, 255, 255, 0) 80%) repeat scroll 0 0 rgba(0, 0, 0, 0);background:-o-radial-gradient(ellipse at 50% -50% , #b6d8ed 0px, rgba(255, 255, 255, 0) 80%) repeat scroll 0 0 rgba(0, 0, 0, 0);\"><\/div><\/div><div class=\"fusion-text fusion-text-3\" style=\"--awb-content-alignment:justify;--awb-font-size:var(--awb-typography4-font-size);--awb-line-height:var(--awb-typography4-line-height);--awb-letter-spacing:var(--awb-typography4-letter-spacing);--awb-text-transform:var(--awb-typography4-text-transform);--awb-margin-right:5px;--awb-margin-left:5px;--awb-text-font-family:var(--awb-typography4-font-family);--awb-text-font-weight:var(--awb-typography4-font-weight);--awb-text-font-style:var(--awb-typography4-font-style);\"><div class=\"fusion-text fusion-text-1\">\n<p>L\u2019aviation civile d\u00e9signe tout ce qui est relatif \u00e0 l\u2019aviation non militaire. Cela englobe ainsi le transport civil de passagers et de marchandises, la<span class=\"citation\"> s\u00e9curit\u00e9, la s\u00fbret\u00e9, le contr\u00f4le a\u00e9rien, l&rsquo;aviation g\u00e9n\u00e9rale et la formation a\u00e9ronautique.<\/span><\/p>\n<\/div>\n<div class=\"fusion-text fusion-text-2\">\n<p><span class=\"citation\">Elle est charg\u00e9e de pr\u00e9parer et de mettre en \u0153uvre la politique de l\u2019\u00c9tat en mati\u00e8re d\u2019aviation civile dans les domaines technique et \u00e9conomique.<\/span><\/p>\n<\/div>\n<\/div><div class=\"fusion-text fusion-text-4\" style=\"--awb-content-alignment:justify;--awb-font-size:var(--awb-typography4-font-size);--awb-line-height:var(--awb-typography4-line-height);--awb-letter-spacing:var(--awb-typography4-letter-spacing);--awb-text-transform:var(--awb-typography4-text-transform);--awb-margin-right:5px;--awb-margin-left:5px;--awb-text-font-family:var(--awb-typography4-font-family);--awb-text-font-weight:var(--awb-typography4-font-weight);--awb-text-font-style:var(--awb-typography4-font-style);\"><p>Au niveau international, c&rsquo;est l&rsquo;<a title=\"Organisation de l'aviation civile internationale\" href=\"https:\/\/fr.wikipedia.org\/wiki\/Organisation_de_l%27aviation_civile_internationale\">Organisation de l&rsquo;aviation civile internationale<\/a> (OACI), d\u00e9pendant de l&rsquo;<a title=\"Organisation des Nations unies\" href=\"https:\/\/fr.wikipedia.org\/wiki\/Organisation_des_Nations_unies\">Organisation des Nations unies<\/a> (ONU), qui est charg\u00e9e de l&rsquo;\u00e9laboration de normes internationales pour le <a title=\"Transport a\u00e9rien\" href=\"https:\/\/fr.wikipedia.org\/wiki\/Transport_a%C3%A9rien\">transport a\u00e9rien<\/a> civil.<\/p>\n<\/div><div class=\"fusion-separator fusion-full-width-sep\" style=\"align-self: center;margin-left: auto;margin-right: auto;margin-top:40px;margin-bottom:40px;width:100%;\"><div class=\"fusion-separator-border sep-single sep-solid\" style=\"--awb-height:20px;--awb-amount:20px;--awb-sep-color:#b6d8ed;border-color:#b6d8ed;border-top-width:1px;\"><\/div><\/div><div class=\"fusion-title title fusion-title-4 fusion-sep-none fusion-title-text fusion-title-size-one\" style=\"--awb-font-size:var(--awb-typography1-font-size);\"><h1 class=\"title-heading-left fusion-responsive-typography-calculated\" style=\"font-family:var(--awb-typography1-font-family);font-weight:var(--awb-typography1-font-weight);font-style:var(--awb-typography1-font-style);margin:0;font-size:1em;letter-spacing:var(--awb-typography1-letter-spacing);text-transform:var(--awb-typography1-text-transform);--fontSize:48;line-height:var(--awb-typography1-line-height);\"><h2 style=\"text-align: center;\">Notre Mission<\/h2><\/h1><\/div><div class=\"fusion-text fusion-text-5\" style=\"--awb-font-size:var(--awb-typography4-font-size);--awb-line-height:var(--awb-typography4-line-height);--awb-letter-spacing:var(--awb-typography4-letter-spacing);--awb-text-transform:var(--awb-typography4-text-transform);--awb-margin-right:5px;--awb-margin-left:5px;--awb-text-font-family:var(--awb-typography4-font-family);--awb-text-font-weight:var(--awb-typography4-font-weight);--awb-text-font-style:var(--awb-typography4-font-style);\"><p style=\"text-align: left;\">\u2022 D\u00e9terminer les conditions dans lesquelles le transport a\u00e9rien doit s\u2019effectuer en Ha\u00efti.<br \/>\n\u2022 Veiller \u00e0 l\u2019application des normes prescrites par la l\u00e9gislation et les conventions internationales sur le transport a\u00e9rien.<br \/>\n\u2022 Organiser les op\u00e9rations de recherche et de sauvetage d\u2019a\u00e9ronefs.<br \/>\n\u2022 Participer, tant au niveau national qu\u2019international, aux n\u00e9gociations visant \u00e0 la protection et au d\u00e9veloppement de l\u2019Aviation Civile.<\/p>\n<\/div><div class=\"fusion-section-separator section-separator triangle fusion-section-separator-2\" style=\"--awb-border-bottom:1px solid #5aafed;--awb-spacer-height:1px;--awb-svg-margin-left:1.92%;--awb-svg-margin-right:1.92%;--awb-svg-margin-left-medium:1.92%;--awb-svg-margin-right-medium:1.92%;--awb-svg-margin-left-small:1.92%;--awb-svg-margin-right-small:1.92%;--awb-icon-color:var(--awb-color1);--awb-margin-top:40px;--awb-margin-bottom:50px;\"><div class=\"fusion-section-separator-svg\"><div class=\"divider-candy-arrow bottom\" style=\"top:0px;border-top-color: var(--awb-color2);\"><\/div><div class=\"divider-candy bottom\" style=\"bottom:-21px;border-bottom:1px solid #5aafed;border-left:1px solid #5aafed;\"><\/div><\/div><div class=\"fusion-section-separator-spacer\"><div class=\"fusion-section-separator-spacer-height\"><\/div><\/div><\/div><div class=\"fusion-image-carousel fusion-image-carousel-fixed fusion-image-carousel-1 fusion-carousel-border\"><div class=\"awb-carousel awb-swiper awb-swiper-carousel\" data-autoplay=\"no\" data-columns=\"3\" data-itemmargin=\"13\" data-itemwidth=\"180\" data-touchscroll=\"yes\" data-imagesize=\"fixed\" style=\"--awb-columns:3;\"><div class=\"swiper-wrapper awb-image-carousel-wrapper fusion-flex-align-items-center\"><div class=\"swiper-slide\"><div class=\"fusion-carousel-item-wrapper\"><div class=\"fusion-image-wrapper hover-type-liftup\"><img decoding=\"async\" src=\"\" alt=\"\"\/><\/div><\/div><\/div><\/div><div class=\"awb-swiper-button awb-swiper-button-prev\"><i class=\"awb-icon-angle-left\" aria-hidden=\"true\"><\/i><\/div><div class=\"awb-swiper-button awb-swiper-button-next\"><i class=\"awb-icon-angle-right\" aria-hidden=\"true\"><\/i><\/div><\/div><\/div><div class=\"fusion-separator fusion-has-icon fusion-full-width-sep\" style=\"align-self: center;margin-left: auto;margin-right: auto;width:100%;\"><\/div><div style=\"text-align:center;\"><a class=\"fusion-button button-flat button-xlarge button-custom fusion-button-default button-1 fusion-button-default-span fusion-button-default-type fusion-has-button-gradient\" style=\"--button_accent_color:var(--awb-color1);--button_accent_hover_color:var(--awb-color1);--button_border_hover_color:var(--awb-color1);--button_gradient_top_color:#5aafed;--button_gradient_bottom_color:#0d70bc;--button_gradient_top_color_hover:#25a0ed;--button_gradient_bottom_color_hover:#25a0ed;--button_text_transform:var(--awb-typography3-text-transform);--button_typography-letter-spacing:var(--awb-typography3-letter-spacing);--button_typography-font-family:var(--awb-typography3-font-family);--button_typography-font-weight:var(--awb-typography3-font-weight);--button_typography-font-style:var(--awb-typography3-font-style);\" target=\"_self\" href=\"https:\/\/ofnac.gouv.ht\/index.php\/a-propos\/galerie-des-directeurs-generaux\/\"><span class=\"fusion-button-text\">Galerie des Directeurs G\u00e9n\u00e9raux<\/span><\/a><\/div><div class=\"fusion-separator fusion-full-width-sep\" style=\"align-self: center;margin-left: auto;margin-right: auto;margin-top:30px;width:100%;\"><\/div><\/div><\/div><\/div><\/div><\/p>\n","protected":false},"excerpt":{"rendered":"","protected":false},"author":2,"featured_media":0,"parent":0,"menu_order":0,"comment_status":"closed","ping_status":"closed","template":"100-width.php","meta":{"footnotes":""},"class_list":["post-16","page","type-page","status-publish","hentry"],"_links":{"self":[{"href":"https:\/\/ofnac.gouv.ht\/index.php\/wp-json\/wp\/v2\/pages\/16","targetHints":{"allow":["GET"]}}],"collection":[{"href":"https:\/\/ofnac.gouv.ht\/index.php\/wp-json\/wp\/v2\/pages"}],"about":[{"href":"https:\/\/ofnac.gouv.ht\/index.php\/wp-json\/wp\/v2\/types\/page"}],"author":[{"embeddable":true,"href":"https:\/\/ofnac.gouv.ht\/index.php\/wp-json\/wp\/v2\/users\/2"}],"replies":[{"embeddable":true,"href":"https:\/\/ofnac.gouv.ht\/index.php\/wp-json\/wp\/v2\/comments?post=16"}],"version-history":[{"count":121,"href":"https:\/\/ofnac.gouv.ht\/index.php\/wp-json\/wp\/v2\/pages\/16\/revisions"}],"predecessor-version":[{"id":161,"href":"https:\/\/ofnac.gouv.ht\/index.php\/wp-json\/wp\/v2\/pages\/16\/revisions\/161"}],"wp:attachment":[{"href":"https:\/\/ofnac.gouv.ht\/index.php\/wp-json\/wp\/v2\/media?parent=16"}],"curies":[{"name":"wp","href":"https:\/\/api.w.org\/{rel}","templated":true}]}}