{"id":1637,"date":"2025-01-13T17:22:43","date_gmt":"2025-01-13T17:22:43","guid":{"rendered":"https:\/\/ofnac.gouv.ht\/?page_id=1637"},"modified":"2025-01-13T17:22:43","modified_gmt":"2025-01-13T17:22:43","slug":"dta-transport-aerien","status":"publish","type":"page","link":"https:\/\/ofnac.gouv.ht\/index.php\/dta-transport-aerien\/","title":{"rendered":"DTA &#8211; Transport Aerien"},"content":{"rendered":"<p><div class=\"fusion-fullwidth fullwidth-box fusion-builder-row-1 fusion-flex-container has-pattern-background has-mask-background nonhundred-percent-fullwidth non-hundred-percent-height-scrolling\" style=\"--link_color: #ffffff;--awb-border-radius-top-left:0px;--awb-border-radius-top-right:0px;--awb-border-radius-bottom-right:0px;--awb-border-radius-bottom-left:0px;--awb-background-color:#0d70bc;\" ><div class=\"fusion-builder-row fusion-row fusion-flex-align-items-flex-start\" style=\"max-width:1248px;margin-left: calc(-4% \/ 2 );margin-right: calc(-4% \/ 2 );\"><div class=\"fusion-layout-column fusion_builder_column fusion-builder-column-0 fusion_builder_column_1_1 1_1 fusion-flex-column\" style=\"--awb-bg-size:cover;--awb-width-large:100%;--awb-margin-top-large:0px;--awb-spacing-right-large:1.92%;--awb-margin-bottom-large:20px;--awb-spacing-left-large:1.92%;--awb-width-medium:100%;--awb-order-medium:0;--awb-spacing-right-medium:1.92%;--awb-spacing-left-medium:1.92%;--awb-width-small:100%;--awb-order-small:0;--awb-spacing-right-small:1.92%;--awb-spacing-left-small:1.92%;\"><div class=\"fusion-column-wrapper fusion-column-has-shadow fusion-flex-justify-content-flex-start fusion-content-layout-column\"><div class=\"fusion-title title fusion-title-1 fusion-sep-none fusion-title-center fusion-title-text fusion-title-size-one fusion-animated\" style=\"--awb-text-color:#ffffff;--awb-margin-top:30px;--awb-margin-bottom:20px;--awb-font-size:50px;\" data-animationType=\"fadeInLeft\" data-animationDuration=\"0.1\" data-animationOffset=\"top-into-view\"><h1 class=\"title-heading-center fusion-responsive-typography-calculated\" style=\"font-family:var(--awb-typography1-font-family);font-weight:var(--awb-typography1-font-weight);font-style:var(--awb-typography1-font-style);margin:0;font-size:1em;letter-spacing:-0.0005em;text-transform:var(--awb-typography1-text-transform);--fontSize:50;line-height:var(--awb-typography1-line-height);\"><p style=\"text-align: center;\"><a href=\"https:\/\/ofnac.gouv.ht\/\">OFNAC<\/a><\/p><\/h1><\/div><\/div><\/div><\/div><\/div><div class=\"fusion-fullwidth fullwidth-box fusion-builder-row-2 fusion-flex-container has-pattern-background has-mask-background nonhundred-percent-fullwidth non-hundred-percent-height-scrolling\" style=\"--awb-border-radius-top-left:0px;--awb-border-radius-top-right:0px;--awb-border-radius-bottom-right:0px;--awb-border-radius-bottom-left:0px;\" ><div class=\"fusion-builder-row fusion-row fusion-flex-align-items-flex-start\" style=\"max-width:1248px;margin-left: calc(-4% \/ 2 );margin-right: calc(-4% \/ 2 );\"><div class=\"fusion-layout-column fusion_builder_column fusion-builder-column-1 fusion_builder_column_1_1 1_1 fusion-flex-column\" style=\"--awb-bg-size:cover;--awb-width-large:100%;--awb-margin-top-large:0px;--awb-spacing-right-large:1.92%;--awb-margin-bottom-large:20px;--awb-spacing-left-large:1.92%;--awb-width-medium:100%;--awb-order-medium:0;--awb-spacing-right-medium:1.92%;--awb-spacing-left-medium:1.92%;--awb-width-small:100%;--awb-order-small:0;--awb-spacing-right-small:1.92%;--awb-spacing-left-small:1.92%;\"><div class=\"fusion-column-wrapper fusion-column-has-shadow fusion-flex-justify-content-flex-start fusion-content-layout-column\"><div class=\"fusion-separator fusion-full-width-sep\" style=\"align-self: center;margin-left: auto;margin-right: auto;flex-grow:1;margin-top:20px;margin-bottom:20px;width:100%;\"><\/div><\/div><\/div><\/div><\/div><div class=\"fusion-fullwidth fullwidth-box fusion-builder-row-3 fusion-flex-container has-pattern-background has-mask-background nonhundred-percent-fullwidth non-hundred-percent-height-scrolling\" style=\"--awb-border-radius-top-left:0px;--awb-border-radius-top-right:0px;--awb-border-radius-bottom-right:0px;--awb-border-radius-bottom-left:0px;--awb-background-color:#ffffff;\" ><div class=\"fusion-builder-row fusion-row fusion-flex-align-items-flex-start\" style=\"max-width:1248px;margin-left: calc(-4% \/ 2 );margin-right: calc(-4% \/ 2 );\"><div class=\"fusion-layout-column fusion_builder_column fusion-builder-column-2 fusion_builder_column_1_1 1_1 fusion-flex-column\" style=\"--awb-bg-size:cover;--awb-width-large:100%;--awb-margin-top-large:0px;--awb-spacing-right-large:1.92%;--awb-margin-bottom-large:20px;--awb-spacing-left-large:1.92%;--awb-width-medium:100%;--awb-order-medium:0;--awb-spacing-right-medium:1.92%;--awb-spacing-left-medium:1.92%;--awb-width-small:100%;--awb-order-small:0;--awb-spacing-right-small:1.92%;--awb-spacing-left-small:1.92%;\"><div class=\"fusion-column-wrapper fusion-column-has-shadow fusion-flex-justify-content-flex-start fusion-content-layout-column\"><div class=\"fusion-text fusion-text-1\" style=\"--awb-font-size:var(--awb-typography1-font-size);--awb-line-height:var(--awb-typography1-line-height);--awb-letter-spacing:var(--awb-typography1-letter-spacing);--awb-text-transform:var(--awb-typography1-text-transform);--awb-text-color:#1e78bc;--awb-margin-top:10px;--awb-text-font-family:var(--awb-typography1-font-family);--awb-text-font-weight:var(--awb-typography1-font-weight);--awb-text-font-style:var(--awb-typography1-font-style);\"><p style=\"text-align: center;\">Direction du Transport A\u00e9rien (DTA)<\/p>\n<\/div><\/div><\/div><\/div><\/div><div class=\"fusion-fullwidth fullwidth-box fusion-builder-row-4 fusion-flex-container has-pattern-background has-mask-background nonhundred-percent-fullwidth non-hundred-percent-height-scrolling\" style=\"--link_hover_color: #b6d8ed;--link_color: #259aed;--awb-border-radius-top-left:0px;--awb-border-radius-top-right:0px;--awb-border-radius-bottom-right:0px;--awb-border-radius-bottom-left:0px;\" ><div class=\"fusion-builder-row fusion-row fusion-flex-align-items-flex-start\" style=\"max-width:1248px;margin-left: calc(-4% \/ 2 );margin-right: calc(-4% \/ 2 );\"><div class=\"fusion-layout-column fusion_builder_column fusion-builder-column-3 fusion_builder_column_1_1 1_1 fusion-flex-column\" style=\"--awb-bg-size:cover;--awb-width-large:100%;--awb-margin-top-large:0px;--awb-spacing-right-large:1.92%;--awb-margin-bottom-large:20px;--awb-spacing-left-large:1.92%;--awb-width-medium:100%;--awb-order-medium:0;--awb-spacing-right-medium:1.92%;--awb-spacing-left-medium:1.92%;--awb-width-small:100%;--awb-order-small:0;--awb-spacing-right-small:1.92%;--awb-spacing-left-small:1.92%;\"><div class=\"fusion-column-wrapper fusion-column-has-shadow fusion-flex-justify-content-flex-start fusion-content-layout-column\"><div class=\"fusion-section-separator section-separator triangle fusion-section-separator-1\" style=\"--awb-border-top:1px solid #5aafed;--awb-spacer-height:1px;--awb-svg-margin-left:1.92%;--awb-svg-margin-right:1.92%;--awb-svg-margin-left-medium:1.92%;--awb-svg-margin-right-medium:1.92%;--awb-svg-margin-left-small:1.92%;--awb-svg-margin-right-small:1.92%;--awb-icon-color:var(--awb-color1);--awb-margin-top:20px;--awb-margin-bottom:40px;\"><div class=\"fusion-section-separator-svg\"><div class=\"divider-candy-arrow top\" style=\"bottom:0px;border-bottom-color: var(--awb-color2);\"><\/div><div class=\"divider-candy top\" style=\"top:-21px;border-bottom:1px solid #5aafed;border-left:1px solid #5aafed;\"><\/div><\/div><div class=\"fusion-section-separator-spacer\"><div class=\"fusion-section-separator-spacer-height\"><\/div><\/div><\/div><div class=\"fusion-text fusion-text-2 fusion-text-no-margin\" style=\"--awb-font-size:var(--awb-typography4-font-size);--awb-line-height:var(--awb-typography4-line-height);--awb-letter-spacing:var(--awb-typography4-letter-spacing);--awb-text-transform:var(--awb-typography4-text-transform);--awb-margin-top:10px;--awb-margin-bottom:30px;--awb-text-font-family:var(--awb-typography4-font-family);--awb-text-font-weight:var(--awb-typography4-font-weight);--awb-text-font-style:var(--awb-typography4-font-style);\"><div dir=\"ltr\" style=\"text-align: center;\">La Direction charg\u00e9e du Transport A\u00e9rien<\/div>\n<div dir=\"ltr\" style=\"text-align: center;\">est responsable de la gestion \u00e9conomique et financi\u00e8re du transport et du travail a\u00e9rien. Elle d\u00e9finit les orientations, les besoins, les contr\u00f4les, la coordination de l&rsquo;exploitation commerciale, pr\u00e9pare les r\u00e8glements, veille \u00e0 l&rsquo;application des lois dans le domaine de l&rsquo;aviation civile.<\/div>\n<\/div><div class=\"fusion-separator fusion-full-width-sep\" style=\"align-self: center;margin-left: auto;margin-right: auto;margin-top:50px;margin-bottom:50px;width:100%;\"><div class=\"fusion-separator-border sep-shadow\" style=\"--awb-height:20px;--awb-amount:20px;--awb-sep-color:#5aafed;background:radial-gradient(ellipse at 50% -50% , #5aafed 0px, rgba(255, 255, 255, 0) 80%) repeat scroll 0 0 rgba(0, 0, 0, 0);background:-webkit-radial-gradient(ellipse at 50% -50% , #5aafed 0px, rgba(255, 255, 255, 0) 80%) repeat scroll 0 0 rgba(0, 0, 0, 0);background:-moz-radial-gradient(ellipse at 50% -50% , #5aafed 0px, rgba(255, 255, 255, 0) 80%) repeat scroll 0 0 rgba(0, 0, 0, 0);background:-o-radial-gradient(ellipse at 50% -50% , #5aafed 0px, rgba(255, 255, 255, 0) 80%) repeat scroll 0 0 rgba(0, 0, 0, 0);\"><\/div><\/div><div class=\"fusion-text fusion-text-3 fusion-text-no-margin\" style=\"--awb-font-size:35px;--awb-line-height:1.1;--awb-letter-spacing:0px;--awb-text-transform:var(--awb-typography4-text-transform);--awb-text-color:#1e78bc;--awb-margin-top:20px;--awb-margin-bottom:30px;--awb-text-font-family:&quot;Libre Baskerville&quot;;--awb-text-font-style:normal;--awb-text-font-weight:400;\"><p style=\"text-align: center;\">Mission<\/p>\n<\/div><div class=\"fusion-text fusion-text-4 fusion-text-no-margin\" style=\"--awb-font-size:var(--awb-typography4-font-size);--awb-line-height:var(--awb-typography4-line-height);--awb-letter-spacing:var(--awb-typography4-letter-spacing);--awb-text-transform:var(--awb-typography4-text-transform);--awb-margin-top:20px;--awb-margin-bottom:20px;--awb-text-font-family:var(--awb-typography4-font-family);--awb-text-font-weight:var(--awb-typography4-font-weight);--awb-text-font-style:var(--awb-typography4-font-style);\"><p style=\"text-align: center;\">&#8230;&#8230;..<\/p>\n<\/div><div class=\"fusion-separator fusion-full-width-sep\" style=\"align-self: center;margin-left: auto;margin-right: auto;margin-top:50px;margin-bottom:50px;width:100%;\"><div class=\"fusion-separator-border sep-shadow\" style=\"--awb-height:20px;--awb-amount:20px;--awb-sep-color:#5aafed;background:radial-gradient(ellipse at 50% -50% , #5aafed 0px, rgba(255, 255, 255, 0) 80%) repeat scroll 0 0 rgba(0, 0, 0, 0);background:-webkit-radial-gradient(ellipse at 50% -50% , #5aafed 0px, rgba(255, 255, 255, 0) 80%) repeat scroll 0 0 rgba(0, 0, 0, 0);background:-moz-radial-gradient(ellipse at 50% -50% , #5aafed 0px, rgba(255, 255, 255, 0) 80%) repeat scroll 0 0 rgba(0, 0, 0, 0);background:-o-radial-gradient(ellipse at 50% -50% , #5aafed 0px, rgba(255, 255, 255, 0) 80%) repeat scroll 0 0 rgba(0, 0, 0, 0);\"><\/div><\/div><div class=\"fusion-text fusion-text-5 fusion-text-no-margin\" style=\"--awb-font-size:35px;--awb-line-height:1.1;--awb-letter-spacing:0px;--awb-text-transform:var(--awb-typography4-text-transform);--awb-text-color:#1e78bc;--awb-margin-top:20px;--awb-margin-bottom:30px;--awb-text-font-family:&quot;Libre Baskerville&quot;;--awb-text-font-style:normal;--awb-text-font-weight:400;\"><p style=\"text-align: center;\">Services<\/p>\n<\/div><div class=\"fusion-text fusion-text-6 fusion-text-no-margin\" style=\"--awb-font-size:var(--awb-typography4-font-size);--awb-line-height:var(--awb-typography4-line-height);--awb-letter-spacing:var(--awb-typography4-letter-spacing);--awb-text-transform:var(--awb-typography4-text-transform);--awb-margin-top:20px;--awb-margin-bottom:30px;--awb-text-font-family:var(--awb-typography4-font-family);--awb-text-font-weight:var(--awb-typography4-font-weight);--awb-text-font-style:var(--awb-typography4-font-style);\"><p style=\"text-align: center;\">Cette Direction comporte <strong>3<\/strong> Services<\/p>\n<\/div><div class=\"accordian fusion-accordian\" style=\"--awb-border-size:1px;--awb-icon-size:16px;--awb-content-font-size:var(--awb-typography4-font-size);--awb-content-letter-spacing:var(--awb-typography4-letter-spacing);--awb-content-text-transform:var(--awb-typography4-text-transform);--awb-content-line-height:var(--awb-typography4-line-height);--awb-icon-alignment:left;--awb-hover-color:var(--awb-color2);--awb-border-color:var(--awb-color3);--awb-background-color:var(--awb-color1);--awb-divider-color:var(--awb-color3);--awb-divider-hover-color:var(--awb-color3);--awb-icon-color:#ffffff;--awb-title-color:var(--awb-color8);--awb-content-color:var(--awb-color8);--awb-icon-box-color:#259ded;--awb-toggle-hover-accent-color:#b6d8ed;--awb-title-font-family:&quot;Roboto&quot;;--awb-title-font-weight:400;--awb-title-font-style:normal;--awb-title-font-size:20px;--awb-title-letter-spacing:var(--awb-typography2-letter-spacing);--awb-title-line-height:var(--awb-typography2-line-height);--awb-title-text-transform:var(--awb-typography2-text-transform);--awb-content-font-family:var(--awb-typography4-font-family);--awb-content-font-weight:var(--awb-typography4-font-weight);--awb-content-font-style:var(--awb-typography4-font-style);\"><div class=\"panel-group fusion-toggle-icon-boxed\" id=\"accordion-1637-1\"><div class=\"fusion-panel panel-default panel-3ff4b3d1a7d268e60 fusion-toggle-has-divider\" style=\"--awb-content-font-size:var(--awb-typography4-font-size);--awb-content-letter-spacing:var(--awb-typography4-letter-spacing);--awb-content-text-transform:var(--awb-typography4-text-transform);--awb-content-line-height:var(--awb-typography4-line-height);--awb-content-font-family:var(--awb-typography4-font-family);--awb-content-font-weight:var(--awb-typography4-font-weight);--awb-content-font-style:var(--awb-typography4-font-style);--awb-title-font-family:&quot;Roboto&quot;;--awb-title-font-weight:400;--awb-title-font-style:normal;--awb-title-font-size:20px;--awb-title-letter-spacing:var(--awb-typography2-letter-spacing);--awb-title-line-height:var(--awb-typography2-line-height);--awb-title-text-transform:var(--awb-typography2-text-transform);--awb-title-color:#1e78bc;\"><div class=\"panel-heading\"><h4 class=\"panel-title toggle\" id=\"toggle_3ff4b3d1a7d268e60\"><a aria-expanded=\"false\" aria-controls=\"3ff4b3d1a7d268e60\" role=\"button\" data-toggle=\"collapse\" data-target=\"#3ff4b3d1a7d268e60\" href=\"#3ff4b3d1a7d268e60\"><span class=\"fusion-toggle-icon-wrapper\" aria-hidden=\"true\"><i class=\"fa-fusion-box active-icon fa-plane-departure fas\" aria-hidden=\"true\"><\/i><i class=\"fa-fusion-box inactive-icon fa-plane-arrival fas\" aria-hidden=\"true\"><\/i><\/span><span class=\"fusion-toggle-heading\">Service de Protection des Passagers et des Riverains<\/span><\/a><\/h4><\/div><div id=\"3ff4b3d1a7d268e60\" class=\"panel-collapse collapse \" aria-labelledby=\"toggle_3ff4b3d1a7d268e60\"><div class=\"panel-body toggle-content fusion-clearfix\">\n<div dir=\"ltr\">Le Service de Protection des Passagers et des Riverains est charg\u00e9 de la d\u00e9fense des int\u00e9r\u00eats des passagers et des riverains, du contr\u00f4le de la qualit\u00e9 des services. Il traite des plaintes d\u00e9pos\u00e9es par les passagers \u00e0 l&rsquo;encontre des op\u00e9rateurs commerciaux dans les conditions pr\u00e9cis\u00e9es par voie r\u00e8glementaire.<\/div>\n<div dir=\"ltr\"><\/div>\n<div dir=\"ltr\">Un fonds de garantie obligatoire sera constitu\u00e9, par voie r\u00e8glementaire, pour g\u00e9rer l&rsquo;urgence des consommateurs dont les int\u00e9r\u00eats ont \u00e9t\u00e9 l\u00e9s\u00e9s.<\/div>\n<div dir=\"ltr\"><\/div>\n<div dir=\"ltr\">Le Service traite \u00e9galement des questions d&rsquo;environnement telles que les nuisances dues au bruit des a\u00e9ronefs et aux \u00e9missions de gaz carbonique (CO\u2082).<\/div>\n<\/div><\/div><\/div><div class=\"fusion-panel panel-default panel-a5538d4cbe4f9931c fusion-toggle-has-divider\" style=\"--awb-content-font-size:var(--awb-typography4-font-size);--awb-content-letter-spacing:var(--awb-typography4-letter-spacing);--awb-content-text-transform:var(--awb-typography4-text-transform);--awb-content-line-height:var(--awb-typography4-line-height);--awb-content-font-family:var(--awb-typography4-font-family);--awb-content-font-weight:var(--awb-typography4-font-weight);--awb-content-font-style:var(--awb-typography4-font-style);--awb-title-font-family:&quot;Roboto&quot;;--awb-title-font-weight:400;--awb-title-font-style:normal;--awb-title-font-size:20px;--awb-title-letter-spacing:var(--awb-typography2-letter-spacing);--awb-title-line-height:var(--awb-typography2-line-height);--awb-title-text-transform:var(--awb-typography2-text-transform);--awb-title-color:#1e78bc;\"><div class=\"panel-heading\"><h4 class=\"panel-title toggle\" id=\"toggle_a5538d4cbe4f9931c\"><a aria-expanded=\"false\" aria-controls=\"a5538d4cbe4f9931c\" role=\"button\" data-toggle=\"collapse\" data-target=\"#a5538d4cbe4f9931c\" href=\"#a5538d4cbe4f9931c\"><span class=\"fusion-toggle-icon-wrapper\" aria-hidden=\"true\"><i class=\"fa-fusion-box active-icon fa-plane-departure fas\" aria-hidden=\"true\"><\/i><i class=\"fa-fusion-box inactive-icon fa-plane-arrival fas\" aria-hidden=\"true\"><\/i><\/span><span class=\"fusion-toggle-heading\">Service des Statistiques d'Aviation<\/span><\/a><\/h4><\/div><div id=\"a5538d4cbe4f9931c\" class=\"panel-collapse collapse \" aria-labelledby=\"toggle_a5538d4cbe4f9931c\"><div class=\"panel-body toggle-content fusion-clearfix\">\n<div dir=\"ltr\">Le Service des Statistiques d&rsquo;Aviation est charg\u00e9 de pr\u00e9parer les statistiques sur le trafic a\u00e9riens des passagers et de fret tant au niveau national qu&rsquo;international, celles concernant l&rsquo;utilisation des a\u00e9rodromes et a\u00e9roports nationaux, l&rsquo;utilisation de l&rsquo;espace a\u00e9rien se trouvant sous la juridiction de l&rsquo;\u00c9tat ha\u00eftien.<\/div>\n<\/div><\/div><\/div><div class=\"fusion-panel panel-default panel-75438dac458f82c74 fusion-toggle-has-divider\" style=\"--awb-content-font-size:var(--awb-typography4-font-size);--awb-content-letter-spacing:var(--awb-typography4-letter-spacing);--awb-content-text-transform:var(--awb-typography4-text-transform);--awb-content-line-height:var(--awb-typography4-line-height);--awb-content-font-family:var(--awb-typography4-font-family);--awb-content-font-weight:var(--awb-typography4-font-weight);--awb-content-font-style:var(--awb-typography4-font-style);--awb-title-font-family:&quot;Roboto&quot;;--awb-title-font-weight:400;--awb-title-font-style:normal;--awb-title-font-size:20px;--awb-title-letter-spacing:var(--awb-typography2-letter-spacing);--awb-title-line-height:var(--awb-typography2-line-height);--awb-title-text-transform:var(--awb-typography2-text-transform);--awb-title-color:#1e78bc;\"><div class=\"panel-heading\"><h4 class=\"panel-title toggle\" id=\"toggle_75438dac458f82c74\"><a aria-expanded=\"false\" aria-controls=\"75438dac458f82c74\" role=\"button\" data-toggle=\"collapse\" data-target=\"#75438dac458f82c74\" href=\"#75438dac458f82c74\"><span class=\"fusion-toggle-icon-wrapper\" aria-hidden=\"true\"><i class=\"fa-fusion-box active-icon fa-plane-departure fas\" aria-hidden=\"true\"><\/i><i class=\"fa-fusion-box inactive-icon fa-plane-arrival fas\" aria-hidden=\"true\"><\/i><\/span><span class=\"fusion-toggle-heading\">Service des Licences Commerciales<\/span><\/a><\/h4><\/div><div id=\"75438dac458f82c74\" class=\"panel-collapse collapse \" aria-labelledby=\"toggle_75438dac458f82c74\"><div class=\"panel-body toggle-content fusion-clearfix\">\n<p>Le Service des Licences Commerciales pr\u00e9pare la licence autorisant les op\u00e9rateurs \u00e0 exploiter commercialement certaines liaisons nationales ou internationales, conform\u00e9ment au r\u00e8glement.<\/p>\n<\/div><\/div><\/div><div class=\"fusion-panel panel-default panel-0181359751d3d8774 fusion-toggle-has-divider\" style=\"--awb-content-font-size:var(--awb-typography4-font-size);--awb-content-letter-spacing:var(--awb-typography4-letter-spacing);--awb-content-text-transform:var(--awb-typography4-text-transform);--awb-content-line-height:var(--awb-typography4-line-height);--awb-content-font-family:var(--awb-typography4-font-family);--awb-content-font-weight:var(--awb-typography4-font-weight);--awb-content-font-style:var(--awb-typography4-font-style);--awb-title-font-family:&quot;Roboto&quot;;--awb-title-font-weight:400;--awb-title-font-style:normal;--awb-title-font-size:20px;--awb-title-letter-spacing:var(--awb-typography2-letter-spacing);--awb-title-line-height:var(--awb-typography2-line-height);--awb-title-text-transform:var(--awb-typography2-text-transform);--awb-title-color:#1e78bc;\"><div class=\"panel-heading\"><h4 class=\"panel-title toggle\" id=\"toggle_0181359751d3d8774\"><a aria-expanded=\"false\" aria-controls=\"0181359751d3d8774\" role=\"button\" data-toggle=\"collapse\" data-target=\"#0181359751d3d8774\" href=\"#0181359751d3d8774\"><span class=\"fusion-toggle-icon-wrapper\" aria-hidden=\"true\"><i class=\"fa-fusion-box active-icon fa-plane-departure fas\" aria-hidden=\"true\"><\/i><i class=\"fa-fusion-box inactive-icon fa-plane-arrival fas\" aria-hidden=\"true\"><\/i><\/span><span class=\"fusion-toggle-heading\">Service des Etudes Economiques et Juridiques<\/span><\/a><\/h4><\/div><div id=\"0181359751d3d8774\" class=\"panel-collapse collapse \" aria-labelledby=\"toggle_0181359751d3d8774\"><div class=\"panel-body toggle-content fusion-clearfix\">\n<p>Le Service des Etudes Economiques et Juridiques \u00e9tudie les conditions \u00e9conomiques li\u00e9es \u00e0 l&rsquo;\u00e9tablissement des divers tarifs, ainsi que les opportunit\u00e9s \u00e9conomiques d&rsquo;\u00e9tablissement des Services de Liaisons A\u00e9riennes sur des routes d\u00e9termin\u00e9es ayant un point de d\u00e9part ou d&rsquo;aboutissement sur le sol national. Il pr\u00e9pare les accords du transport a\u00e9rien, veille au respect et \u00e0 l&rsquo;application des normes internationales dans le droit national.<\/p>\n<\/div><\/div><\/div><\/div><\/div><\/div><\/div><\/div><\/div><\/p>\n","protected":false},"excerpt":{"rendered":"","protected":false},"author":4,"featured_media":0,"parent":0,"menu_order":0,"comment_status":"closed","ping_status":"closed","template":"100-width.php","meta":{"footnotes":""},"class_list":["post-1637","page","type-page","status-publish","hentry"],"_links":{"self":[{"href":"https:\/\/ofnac.gouv.ht\/index.php\/wp-json\/wp\/v2\/pages\/1637","targetHints":{"allow":["GET"]}}],"collection":[{"href":"https:\/\/ofnac.gouv.ht\/index.php\/wp-json\/wp\/v2\/pages"}],"about":[{"href":"https:\/\/ofnac.gouv.ht\/index.php\/wp-json\/wp\/v2\/types\/page"}],"author":[{"embeddable":true,"href":"https:\/\/ofnac.gouv.ht\/index.php\/wp-json\/wp\/v2\/users\/4"}],"replies":[{"embeddable":true,"href":"https:\/\/ofnac.gouv.ht\/index.php\/wp-json\/wp\/v2\/comments?post=1637"}],"version-history":[{"count":20,"href":"https:\/\/ofnac.gouv.ht\/index.php\/wp-json\/wp\/v2\/pages\/1637\/revisions"}],"predecessor-version":[{"id":1673,"href":"https:\/\/ofnac.gouv.ht\/index.php\/wp-json\/wp\/v2\/pages\/1637\/revisions\/1673"}],"wp:attachment":[{"href":"https:\/\/ofnac.gouv.ht\/index.php\/wp-json\/wp\/v2\/media?parent=1637"}],"curies":[{"name":"wp","href":"https:\/\/api.w.org\/{rel}","templated":true}]}}