{"id":2144,"date":"2025-02-22T16:57:21","date_gmt":"2025-02-22T16:57:21","guid":{"rendered":"https:\/\/ofnac.gouv.ht\/?page_id=2144"},"modified":"2026-03-23T20:46:45","modified_gmt":"2026-03-23T20:46:45","slug":"iaip","status":"publish","type":"page","link":"https:\/\/ofnac.gouv.ht\/index.php\/iaip\/","title":{"rendered":"IAIP"},"content":{"rendered":"<p><div class=\"fusion-fullwidth fullwidth-box fusion-builder-row-1 fusion-flex-container has-pattern-background has-mask-background nonhundred-percent-fullwidth non-hundred-percent-height-scrolling\" style=\"--link_color: #ffffff;--awb-border-radius-top-left:0px;--awb-border-radius-top-right:0px;--awb-border-radius-bottom-right:0px;--awb-border-radius-bottom-left:0px;--awb-background-color:#0d70bc;\" ><div class=\"fusion-builder-row fusion-row fusion-flex-align-items-flex-start\" style=\"max-width:1248px;margin-left: calc(-4% \/ 2 );margin-right: calc(-4% \/ 2 );\"><div class=\"fusion-layout-column fusion_builder_column fusion-builder-column-0 fusion_builder_column_1_1 1_1 fusion-flex-column\" style=\"--awb-bg-size:cover;--awb-width-large:100%;--awb-margin-top-large:0px;--awb-spacing-right-large:1.92%;--awb-margin-bottom-large:20px;--awb-spacing-left-large:1.92%;--awb-width-medium:100%;--awb-order-medium:0;--awb-spacing-right-medium:1.92%;--awb-spacing-left-medium:1.92%;--awb-width-small:100%;--awb-order-small:0;--awb-spacing-right-small:1.92%;--awb-spacing-left-small:1.92%;\"><div class=\"fusion-column-wrapper fusion-column-has-shadow fusion-flex-justify-content-flex-start fusion-content-layout-column\"><div class=\"fusion-title title fusion-title-1 fusion-sep-none fusion-title-center fusion-title-text fusion-title-size-one fusion-animated\" style=\"--awb-text-color:#ffffff;--awb-margin-top:20px;--awb-margin-bottom:10px;--awb-font-size:50px;\" data-animationType=\"fadeInLeft\" data-animationDuration=\"0.1\" data-animationOffset=\"top-into-view\"><h1 class=\"title-heading-center fusion-responsive-typography-calculated\" style=\"font-family:var(--awb-typography1-font-family);font-weight:var(--awb-typography1-font-weight);font-style:var(--awb-typography1-font-style);margin:0;font-size:1em;letter-spacing:-0.0005em;text-transform:var(--awb-typography1-text-transform);--fontSize:50;line-height:var(--awb-typography1-line-height);\"><p style=\"text-align: center;\"><a href=\"https:\/\/ofnac.gouv.ht\/\">OFNAC<\/a><\/p><\/h1><\/div><\/div><\/div><\/div><\/div><div class=\"fusion-fullwidth fullwidth-box fusion-builder-row-2 fusion-flex-container has-pattern-background has-mask-background nonhundred-percent-fullwidth non-hundred-percent-height-scrolling\" style=\"--awb-border-radius-top-left:0px;--awb-border-radius-top-right:0px;--awb-border-radius-bottom-right:0px;--awb-border-radius-bottom-left:0px;\" ><div class=\"fusion-builder-row fusion-row fusion-flex-align-items-flex-start\" style=\"max-width:1248px;margin-left: calc(-4% \/ 2 );margin-right: calc(-4% \/ 2 );\"><div class=\"fusion-layout-column fusion_builder_column fusion-builder-column-1 fusion_builder_column_1_1 1_1 fusion-flex-column\" style=\"--awb-bg-size:cover;--awb-width-large:100%;--awb-margin-top-large:0px;--awb-spacing-right-large:1.92%;--awb-margin-bottom-large:20px;--awb-spacing-left-large:1.92%;--awb-width-medium:100%;--awb-order-medium:0;--awb-spacing-right-medium:1.92%;--awb-spacing-left-medium:1.92%;--awb-width-small:100%;--awb-order-small:0;--awb-spacing-right-small:1.92%;--awb-spacing-left-small:1.92%;\"><div class=\"fusion-column-wrapper fusion-column-has-shadow fusion-flex-justify-content-flex-start fusion-content-layout-column\"><div class=\"fusion-separator fusion-full-width-sep\" style=\"align-self: center;margin-left: auto;margin-right: auto;flex-grow:1;margin-top:20px;margin-bottom:20px;width:100%;\"><\/div><div class=\"fusion-text fusion-text-1 fusion-text-no-margin\" style=\"--awb-font-size:var(--awb-typography1-font-size);--awb-line-height:var(--awb-typography1-line-height);--awb-letter-spacing:var(--awb-typography1-letter-spacing);--awb-text-transform:var(--awb-typography1-text-transform);--awb-text-color:#1e78bc;--awb-margin-top:20px;--awb-margin-bottom:20px;--awb-text-font-family:var(--awb-typography1-font-family);--awb-text-font-weight:var(--awb-typography1-font-weight);--awb-text-font-style:var(--awb-typography1-font-style);\"><p style=\"text-align: center;\"><span style=\"vertical-align: inherit;\"><span style=\"vertical-align: inherit;\">IAIP<\/span><\/span><\/p>\n<p style=\"text-align: center;\">Integrated Aeronautical Information Package<\/p>\n<\/div><div class=\"fusion-text fusion-text-2\" style=\"--awb-margin-top:20px;\"><p class=\"text-justify\"><strong>AIP :<\/strong>\u00a0The AIP forms the basic element of the Aeronautical Information Products. It contains aeronautical information of a permanent nature and temporary changes to this information of long duration. It is the task of each AIS to provide a comprehensive document, to maintain it up to date and to make it simple to use.<\/p>\n<p class=\"text-justify\"><strong>AIP Amendments <\/strong>:\u00a0AIP Amendments are issued whenever new information necessitates a permanent change or addition to the information already contained in the AIP<\/p>\n<p class=\"text-justify\"><strong>AIP Supplements :<\/strong>\u00a0Temporary changes of long duration (more than three months) or changes requiring the issuance of extensive text and\/or graphics which affect the contents of an AIP are published and distributed as AIP Supplements.<\/p>\n<p class=\"text-justify\"><strong>Aeronautical Information Circular (AIC) : <\/strong>Provided for the possible need to distribute information that does not qualify for inclusion in the AIP or in NOTAM, Annex 15 includes specifications for Aeronautical Information Circulars (AIC). These cover such matters as long-term advance notifications of major changes in procedures or facilities, information of an explanatory or advisory nature, or information concerning administrative matters.<\/p>\n<\/div><div class=\"fusion-separator fusion-full-width-sep\" style=\"align-self: center;margin-left: auto;margin-right: auto;margin-top:10px;width:100%;\"><\/div><\/div><\/div><\/div><\/div><div class=\"fusion-fullwidth fullwidth-box fusion-builder-row-3 fusion-flex-container has-pattern-background has-mask-background nonhundred-percent-fullwidth non-hundred-percent-height-scrolling\" style=\"--awb-border-radius-top-left:0px;--awb-border-radius-top-right:0px;--awb-border-radius-bottom-right:0px;--awb-border-radius-bottom-left:0px;\" ><div class=\"fusion-builder-row fusion-row fusion-flex-align-items-flex-start\" style=\"max-width:1248px;margin-left: calc(-4% \/ 2 );margin-right: calc(-4% \/ 2 );\"><div class=\"fusion-layout-column fusion_builder_column fusion-builder-column-2 fusion_builder_column_1_3 1_3 fusion-flex-column\" style=\"--awb-bg-size:cover;--awb-width-large:33.333333333333%;--awb-margin-top-large:0px;--awb-spacing-right-large:5.76%;--awb-margin-bottom-large:20px;--awb-spacing-left-large:5.76%;--awb-width-medium:100%;--awb-order-medium:0;--awb-spacing-right-medium:1.92%;--awb-spacing-left-medium:1.92%;--awb-width-small:33.333333333333%;--awb-order-small:0;--awb-spacing-right-small:5.76%;--awb-spacing-left-small:5.76%;\"><div class=\"fusion-column-wrapper fusion-column-has-shadow fusion-flex-justify-content-flex-start fusion-content-layout-column\"><div class=\"fusion-text fusion-text-3\"><h4><img fetchpriority=\"high\" decoding=\"async\" class=\"aligncenter wp-image-1051 \" src=\"https:\/\/ofnac.gouv.ht\/wp-content\/uploads\/2023\/10\/AIP-image-300x225.jpeg\" alt=\"\" width=\"346\" height=\"259\" srcset=\"https:\/\/ofnac.gouv.ht\/wp-content\/uploads\/2023\/10\/AIP-image-200x150.jpeg 200w, https:\/\/ofnac.gouv.ht\/wp-content\/uploads\/2023\/10\/AIP-image-300x225.jpeg 300w, https:\/\/ofnac.gouv.ht\/wp-content\/uploads\/2023\/10\/AIP-image-400x299.jpeg 400w, https:\/\/ofnac.gouv.ht\/wp-content\/uploads\/2023\/10\/AIP-image-600x449.jpeg 600w, https:\/\/ofnac.gouv.ht\/wp-content\/uploads\/2023\/10\/AIP-image-768x575.jpeg 768w, https:\/\/ofnac.gouv.ht\/wp-content\/uploads\/2023\/10\/AIP-image-800x599.jpeg 800w, https:\/\/ofnac.gouv.ht\/wp-content\/uploads\/2023\/10\/AIP-image-1024x766.jpeg 1024w, https:\/\/ofnac.gouv.ht\/wp-content\/uploads\/2023\/10\/AIP-image-1200x898.jpeg 1200w, https:\/\/ofnac.gouv.ht\/wp-content\/uploads\/2023\/10\/AIP-image-rotated.jpeg 1280w\" sizes=\"(max-width: 346px) 100vw, 346px\" \/><\/h4>\n<h4><\/h4>\n<p style=\"text-align: center;\"><strong>Publications d&rsquo;information a\u00e9ronautique<\/strong><\/p>\n<p style=\"text-align: center;\"><span class=\"jCAhz ChMk0b\"><span class=\"ryNqvb\">L&rsquo;AIP constitue l&rsquo;\u00e9l\u00e9ment de base des produits d&rsquo;information a\u00e9ronautique.<\/span><\/span> <span class=\"jCAhz ChMk0b\"><span class=\"ryNqvb\">Il contient des informations a\u00e9ronautiques \u00e0 caract\u00e8re permanent et des modifications temporaires de ces informations de longue dur\u00e9e.<\/span><\/span> <span class=\"jCAhz ChMk0b\"><span class=\"ryNqvb\">Il appartient \u00e0 chaque AIS de fournir un document complet, de le maintenir \u00e0 jour et d&rsquo;en faciliter l&rsquo;utilisation.<\/span><\/span><\/p>\n<p style=\"text-align: center;\">______<\/p>\n<p style=\"text-align: center;\"><a href=\"https:\/\/ofnac.gouv.ht\/wp-content\/uploads\/2024\/02\/AIP-HAITI-AMDT-AIRAC0220.pdf\" target=\"_blank\" rel=\"noopener\">AIP HAITI (AIRAC AMDT AIRAC 0220\u00a0 included)<\/a><\/p>\n<p style=\"text-align: center;\"><a href=\"https:\/\/ofnac.gouv.ht\/wp-content\/uploads\/2023\/04\/AIP-AMDT-0119-English-version.pdf\">AIP HAITI (AIRAC AMDT AIRAC 0220\u00a0 included version Anglais)<\/a><\/p>\n<p style=\"text-align: center;\"><a href=\"https:\/\/ofnac.gouv.ht\/index.php\/amendment\/\" target=\"_blank\" rel=\"noopener\">AIP AMENDMENT<\/a><\/p>\n<p style=\"text-align: center;\"><a href=\"https:\/\/ofnac.gouv.ht\/index.php\/aip_suplement\/\">AIP SUPLEMENTS<\/a><\/p>\n<p style=\"text-align: center;\"><a href=\"https:\/\/ofnac.gouv.ht\/index.php\/aic\/\" target=\"_blank\" rel=\"noopener\">AIC<\/a><\/p>\n<\/div><\/div><\/div><div class=\"fusion-layout-column fusion_builder_column fusion-builder-column-3 fusion_builder_column_1_3 1_3 fusion-flex-column\" style=\"--awb-bg-size:cover;--awb-width-large:33.333333333333%;--awb-margin-top-large:0px;--awb-spacing-right-large:5.76%;--awb-margin-bottom-large:20px;--awb-spacing-left-large:5.76%;--awb-width-medium:100%;--awb-order-medium:0;--awb-spacing-right-medium:1.92%;--awb-spacing-left-medium:1.92%;--awb-width-small:33.333333333333%;--awb-order-small:0;--awb-spacing-right-small:5.76%;--awb-spacing-left-small:5.76%;\"><div class=\"fusion-column-wrapper fusion-column-has-shadow fusion-flex-justify-content-flex-start fusion-content-layout-column\"><div class=\"fusion-text fusion-text-4\"><h5><img decoding=\"async\" class=\"wp-image-1050 aligncenter\" src=\"https:\/\/ofnac.gouv.ht\/wp-content\/uploads\/2023\/10\/notam-image-e1715011280139.jpeg\" alt=\"\" width=\"278\" height=\"271\" srcset=\"https:\/\/ofnac.gouv.ht\/wp-content\/uploads\/2023\/10\/notam-image-e1715011280139-200x195.jpeg 200w, https:\/\/ofnac.gouv.ht\/wp-content\/uploads\/2023\/10\/notam-image-e1715011280139.jpeg 204w\" sizes=\"(max-width: 278px) 100vw, 278px\" \/><\/h5>\n<h5><\/h5>\n<p class=\"card-title\" style=\"text-align: center;\"><strong>NOTAM<\/strong><\/p>\n<p style=\"text-align: center;\">NOTAM : Avis distribu\u00e9 par t\u00e9l\u00e9communication contenant des informations concernant la mise en place, l&rsquo;\u00e9tat ou la modification de toute installation, service, proc\u00e9dure ou danger a\u00e9ronautique, dont la connaissance en temps opportun est essentielle pour le personnel concern\u00e9 par les op\u00e9rations a\u00e9riennes.<\/p>\n<p style=\"text-align: center;\">______<\/p>\n<p style=\"text-align: center;\"><a href=\"https:\/\/ofnac.gouv.ht\/wp-content\/uploads\/2026\/03\/RWY0826_Resumed_Normal_Operation_2026_03_22_1125.pdf\" target=\"_blank\" rel=\"noopener\">NOTAM 13 &amp; 14<\/a><\/p>\n<p style=\"text-align: center;\"><a href=\"https:\/\/ofnac.gouv.ht\/wp-content\/uploads\/2026\/03\/RWY26_2026_03_21_0215.pdf\" target=\"_blank\" rel=\"noopener\">NOTAM 12<\/a><\/p>\n<p style=\"text-align: center;\"><a href=\"https:\/\/ofnac.gouv.ht\/wp-content\/uploads\/2026\/03\/RWY26_DISP_THR_2026_03_21_0215.pdf\" target=\"_blank\" rel=\"noopener\">NOTAM 11<\/a><\/p>\n<\/div><\/div><\/div><div class=\"fusion-layout-column fusion_builder_column fusion-builder-column-4 fusion_builder_column_1_3 1_3 fusion-flex-column\" style=\"--awb-bg-size:cover;--awb-width-large:33.333333333333%;--awb-margin-top-large:0px;--awb-spacing-right-large:5.76%;--awb-margin-bottom-large:20px;--awb-spacing-left-large:5.76%;--awb-width-medium:100%;--awb-order-medium:0;--awb-spacing-right-medium:1.92%;--awb-spacing-left-medium:1.92%;--awb-width-small:33.333333333333%;--awb-order-small:0;--awb-spacing-right-small:5.76%;--awb-spacing-left-small:5.76%;\" data-motion-effects=\"[{&quot;type&quot;:&quot;&quot;,&quot;scroll_type&quot;:&quot;transition&quot;,&quot;scroll_direction&quot;:&quot;up&quot;,&quot;transition_speed&quot;:&quot;1&quot;,&quot;fade_type&quot;:&quot;in&quot;,&quot;scale_type&quot;:&quot;up&quot;,&quot;initial_scale&quot;:&quot;1&quot;,&quot;max_scale&quot;:&quot;1.5&quot;,&quot;min_scale&quot;:&quot;0.5&quot;,&quot;initial_rotate&quot;:&quot;0&quot;,&quot;end_rotate&quot;:&quot;30&quot;,&quot;initial_blur&quot;:&quot;0&quot;,&quot;end_blur&quot;:&quot;3&quot;,&quot;start_element&quot;:&quot;top&quot;,&quot;start_viewport&quot;:&quot;bottom&quot;,&quot;end_element&quot;:&quot;bottom&quot;,&quot;end_viewport&quot;:&quot;top&quot;,&quot;mouse_effect&quot;:&quot;track&quot;,&quot;mouse_effect_direction&quot;:&quot;opposite&quot;,&quot;mouse_effect_speed&quot;:&quot;2&quot;,&quot;infinite_animation&quot;:&quot;float&quot;,&quot;infinite_animation_speed&quot;:&quot;2&quot;}]\" data-scroll-devices=\"small-visibility,medium-visibility,large-visibility\"><div class=\"fusion-column-wrapper fusion-column-has-shadow fusion-flex-justify-content-flex-start fusion-content-layout-column\"><div class=\"fusion-text fusion-text-5\"><p>.<img decoding=\"async\" class=\"aligncenter wp-image-1049 \" src=\"https:\/\/ofnac.gouv.ht\/wp-content\/uploads\/2023\/10\/chart-image-300x225.jpeg\" alt=\"\" width=\"349\" height=\"262\" srcset=\"https:\/\/ofnac.gouv.ht\/wp-content\/uploads\/2023\/10\/chart-image-200x150.jpeg 200w, https:\/\/ofnac.gouv.ht\/wp-content\/uploads\/2023\/10\/chart-image-300x225.jpeg 300w, https:\/\/ofnac.gouv.ht\/wp-content\/uploads\/2023\/10\/chart-image-400x299.jpeg 400w, https:\/\/ofnac.gouv.ht\/wp-content\/uploads\/2023\/10\/chart-image-600x449.jpeg 600w, https:\/\/ofnac.gouv.ht\/wp-content\/uploads\/2023\/10\/chart-image-768x575.jpeg 768w, https:\/\/ofnac.gouv.ht\/wp-content\/uploads\/2023\/10\/chart-image-800x599.jpeg 800w, https:\/\/ofnac.gouv.ht\/wp-content\/uploads\/2023\/10\/chart-image-1024x766.jpeg 1024w, https:\/\/ofnac.gouv.ht\/wp-content\/uploads\/2023\/10\/chart-image-1200x898.jpeg 1200w, https:\/\/ofnac.gouv.ht\/wp-content\/uploads\/2023\/10\/chart-image-rotated.jpeg 1280w\" sizes=\"(max-width: 349px) 100vw, 349px\" \/><\/p>\n<h5><\/h5>\n<p style=\"text-align: center;\"><strong>Cartographique A\u00e9ronautique<\/strong><\/p>\n<p style=\"text-align: center;\">Carte a\u00e9ronautique : Repr\u00e9sentation d&rsquo;une portion de la Terre, de sa culture et de son relief, sp\u00e9cifiquement d\u00e9sign\u00e9e pour r\u00e9pondre aux exigences de la navigation a\u00e9rienne.<\/p>\n<p style=\"text-align: center;\">______<\/p>\n<p style=\"text-align: center;\"><a href=\"https:\/\/ofnac.gouv.ht\/wp-content\/uploads\/2023\/11\/ENR_CHART_HIGH_ALTITUDE_AMDT-AIP-AIRAC-01-21.pdf\" target=\"_blank\" rel=\"noopener\">UPPER CHART\u00a0<\/a><\/p>\n<p style=\"text-align: center;\"><a href=\"https:\/\/ofnac.gouv.ht\/wp-content\/uploads\/2023\/11\/ENR_CHART_LOW_ALTITUDE_AMDT-AIP-AIRAC-01-21.pdf\" target=\"_blank\" rel=\"noopener\">LOWER CHART<\/a><\/p>\n<\/div><\/div><\/div><\/div><\/div><\/p>\n","protected":false},"excerpt":{"rendered":"","protected":false},"author":4,"featured_media":0,"parent":0,"menu_order":0,"comment_status":"closed","ping_status":"closed","template":"100-width.php","meta":{"footnotes":""},"class_list":["post-2144","page","type-page","status-publish","hentry"],"_links":{"self":[{"href":"https:\/\/ofnac.gouv.ht\/index.php\/wp-json\/wp\/v2\/pages\/2144","targetHints":{"allow":["GET"]}}],"collection":[{"href":"https:\/\/ofnac.gouv.ht\/index.php\/wp-json\/wp\/v2\/pages"}],"about":[{"href":"https:\/\/ofnac.gouv.ht\/index.php\/wp-json\/wp\/v2\/types\/page"}],"author":[{"embeddable":true,"href":"https:\/\/ofnac.gouv.ht\/index.php\/wp-json\/wp\/v2\/users\/4"}],"replies":[{"embeddable":true,"href":"https:\/\/ofnac.gouv.ht\/index.php\/wp-json\/wp\/v2\/comments?post=2144"}],"version-history":[{"count":11,"href":"https:\/\/ofnac.gouv.ht\/index.php\/wp-json\/wp\/v2\/pages\/2144\/revisions"}],"predecessor-version":[{"id":2493,"href":"https:\/\/ofnac.gouv.ht\/index.php\/wp-json\/wp\/v2\/pages\/2144\/revisions\/2493"}],"wp:attachment":[{"href":"https:\/\/ofnac.gouv.ht\/index.php\/wp-json\/wp\/v2\/media?parent=2144"}],"curies":[{"name":"wp","href":"https:\/\/api.w.org\/{rel}","templated":true}]}}