{"id":284,"date":"2023-04-05T16:54:44","date_gmt":"2023-04-05T16:54:44","guid":{"rendered":"http:\/\/localhost\/wordpress\/?page_id=284"},"modified":"2024-05-10T17:15:52","modified_gmt":"2024-05-10T17:15:52","slug":"service-de-permis","status":"publish","type":"page","link":"https:\/\/ofnac.gouv.ht\/index.php\/a-propos\/services\/service-de-permis\/","title":{"rendered":"Service de Permis"},"content":{"rendered":"<p><div class=\"fusion-fullwidth fullwidth-box fusion-builder-row-1 fusion-flex-container has-pattern-background has-mask-background nonhundred-percent-fullwidth non-hundred-percent-height-scrolling\" style=\"--link_color: #ffffff;--awb-border-radius-top-left:0px;--awb-border-radius-top-right:0px;--awb-border-radius-bottom-right:0px;--awb-border-radius-bottom-left:0px;--awb-background-color:#0d70bc;\" ><div class=\"fusion-builder-row fusion-row fusion-flex-align-items-flex-start\" style=\"max-width:1248px;margin-left: calc(-4% \/ 2 );margin-right: calc(-4% \/ 2 );\"><div class=\"fusion-layout-column fusion_builder_column fusion-builder-column-0 fusion_builder_column_1_1 1_1 fusion-flex-column\" style=\"--awb-bg-size:cover;--awb-width-large:100%;--awb-margin-top-large:0px;--awb-spacing-right-large:1.92%;--awb-margin-bottom-large:20px;--awb-spacing-left-large:1.92%;--awb-width-medium:100%;--awb-order-medium:0;--awb-spacing-right-medium:1.92%;--awb-spacing-left-medium:1.92%;--awb-width-small:100%;--awb-order-small:0;--awb-spacing-right-small:1.92%;--awb-spacing-left-small:1.92%;\"><div class=\"fusion-column-wrapper fusion-column-has-shadow fusion-flex-justify-content-flex-start fusion-content-layout-column\"><div class=\"fusion-title title fusion-title-1 fusion-sep-none fusion-title-center fusion-title-text fusion-title-size-one fusion-animated\" style=\"--awb-text-color:#ffffff;--awb-margin-top:30px;--awb-margin-bottom:20px;--awb-font-size:50px;\" data-animationType=\"fadeInLeft\" data-animationDuration=\"0.1\" data-animationOffset=\"top-into-view\"><h1 class=\"title-heading-center fusion-responsive-typography-calculated\" style=\"font-family:var(--awb-typography1-font-family);font-weight:var(--awb-typography1-font-weight);font-style:var(--awb-typography1-font-style);margin:0;font-size:1em;letter-spacing:-0.0005em;text-transform:var(--awb-typography1-text-transform);--fontSize:50;line-height:var(--awb-typography1-line-height);\"><p style=\"text-align: center;\"><a href=\"https:\/\/ofnac.gouv.ht\/\">OFNAC<\/a><\/p><\/h1><\/div><\/div><\/div><\/div><\/div><div class=\"fusion-fullwidth fullwidth-box fusion-builder-row-2 fusion-flex-container has-pattern-background has-mask-background nonhundred-percent-fullwidth non-hundred-percent-height-scrolling\" style=\"--awb-border-radius-top-left:0px;--awb-border-radius-top-right:0px;--awb-border-radius-bottom-right:0px;--awb-border-radius-bottom-left:0px;\" ><div class=\"fusion-builder-row fusion-row fusion-flex-align-items-flex-start\" style=\"max-width:1248px;margin-left: calc(-4% \/ 2 );margin-right: calc(-4% \/ 2 );\"><div class=\"fusion-layout-column fusion_builder_column fusion-builder-column-1 fusion_builder_column_1_1 1_1 fusion-flex-column\" style=\"--awb-bg-size:cover;--awb-width-large:100%;--awb-margin-top-large:0px;--awb-spacing-right-large:1.92%;--awb-margin-bottom-large:20px;--awb-spacing-left-large:1.92%;--awb-width-medium:100%;--awb-order-medium:0;--awb-spacing-right-medium:1.92%;--awb-spacing-left-medium:1.92%;--awb-width-small:100%;--awb-order-small:0;--awb-spacing-right-small:1.92%;--awb-spacing-left-small:1.92%;\"><div class=\"fusion-column-wrapper fusion-column-has-shadow fusion-flex-justify-content-flex-start fusion-content-layout-column\"><div class=\"fusion-separator fusion-full-width-sep\" style=\"align-self: center;margin-left: auto;margin-right: auto;margin-top:20px;margin-bottom:20px;width:100%;\"><\/div><div class=\"fusion-text fusion-text-1\" style=\"--awb-font-size:var(--awb-typography1-font-size);--awb-line-height:var(--awb-typography1-line-height);--awb-letter-spacing:var(--awb-typography1-letter-spacing);--awb-text-transform:var(--awb-typography1-text-transform);--awb-text-color:#1e78bc;--awb-margin-top:10px;--awb-text-font-family:var(--awb-typography1-font-family);--awb-text-font-weight:var(--awb-typography1-font-weight);--awb-text-font-style:var(--awb-typography1-font-style);\"><p style=\"text-align: center;\">Service de Permis<\/p>\n<\/div><\/div><\/div><\/div><\/div><div class=\"fusion-fullwidth fullwidth-box fusion-builder-row-3 fusion-flex-container has-pattern-background has-mask-background nonhundred-percent-fullwidth non-hundred-percent-height-scrolling\" style=\"--awb-border-radius-top-left:0px;--awb-border-radius-top-right:0px;--awb-border-radius-bottom-right:0px;--awb-border-radius-bottom-left:0px;\" ><div class=\"fusion-builder-row fusion-row fusion-flex-align-items-flex-start\" style=\"max-width:1248px;margin-left: calc(-4% \/ 2 );margin-right: calc(-4% \/ 2 );\"><div class=\"fusion-layout-column fusion_builder_column fusion-builder-column-2 fusion_builder_column_1_1 1_1 fusion-flex-column\" style=\"--awb-bg-size:cover;--awb-width-large:100%;--awb-margin-top-large:0px;--awb-spacing-right-large:1.92%;--awb-margin-bottom-large:20px;--awb-spacing-left-large:1.92%;--awb-width-medium:100%;--awb-order-medium:0;--awb-spacing-right-medium:1.92%;--awb-spacing-left-medium:1.92%;--awb-width-small:100%;--awb-order-small:0;--awb-spacing-right-small:1.92%;--awb-spacing-left-small:1.92%;\"><div class=\"fusion-column-wrapper fusion-column-has-shadow fusion-flex-justify-content-flex-start fusion-content-layout-column\"><div class=\"fusion-separator fusion-full-width-sep\" style=\"align-self: center;margin-left: auto;margin-right: auto;margin-top:20px;margin-bottom:20px;width:100%;\"><\/div><div class=\"fusion-text fusion-text-2\" style=\"--awb-font-size:var(--awb-typography4-font-size);--awb-line-height:var(--awb-typography4-line-height);--awb-letter-spacing:var(--awb-typography4-letter-spacing);--awb-text-transform:var(--awb-typography4-text-transform);--awb-text-font-family:var(--awb-typography4-font-family);--awb-text-font-weight:var(--awb-typography4-font-weight);--awb-text-font-style:var(--awb-typography4-font-style);\"><p>La Direction du Transport A\u00e9rien a pour mission :<\/p>\n<p>\u2013 D\u2019assurer le d\u00e9veloppement du transport a\u00e9rien international et domestique suivant les normes et politiques \u00e9tablies par le gouvernement;<\/p>\n<p>\u2013 D\u2019assister la Direction G\u00e9n\u00e9rale de l\u2019OFNAC en tout ce qui a trait aux relations internationales en mati\u00e8re d\u2019aviation civile;<\/p>\n<p>\u2013 D\u2019assurer la gestion des droits de trafic et l\u2019approbation des programmes d\u2019exploitation des compagnies a\u00e9riennes;<\/p>\n<p>\u2013 De g\u00e9rer les autorisations de survol du territoire national et d\u2019atterrissage sur les a\u00e9roports de la R\u00e9publique d\u2019Ha\u00efti;<\/p>\n<p>\u2013 De n\u00e9gocier les accords bilat\u00e9raux de transparent a\u00e9rien et d\u2019assurer leur suivi;<\/p>\n<p>\u2013 De collecter, d\u2019analyser et de diffuser les donn\u00e9es statistiques relatives aux passagers, fret, courrier, avions et compagnies;<\/p>\n<p>\u2013 De prendre en compte les dol\u00e9ances des passagers et d\u2019en assurer le suivi.<\/p>\n<\/div><div class=\"fusion-separator fusion-full-width-sep\" style=\"align-self: center;margin-left: auto;margin-right: auto;margin-top:40px;margin-bottom:40px;width:100%;\"><div class=\"fusion-separator-border sep-single sep-solid\" style=\"--awb-height:20px;--awb-amount:20px;--awb-sep-color:#b6d8ed;border-color:#b6d8ed;border-top-width:1px;\"><\/div><\/div><div class=\"fusion-text fusion-text-3\" style=\"--awb-font-size:var(--awb-typography4-font-size);--awb-line-height:var(--awb-typography4-line-height);--awb-letter-spacing:var(--awb-typography4-letter-spacing);--awb-text-transform:var(--awb-typography4-text-transform);--awb-text-font-family:var(--awb-typography4-font-family);--awb-text-font-weight:var(--awb-typography4-font-weight);--awb-text-font-style:var(--awb-typography4-font-style);\"><p>La Direction du Transport A\u00e9rien comprend les divisons suivantes:<\/p>\n<\/div><div class=\"accordian fusion-accordian\" style=\"--awb-border-size:1px;--awb-icon-size:16px;--awb-content-font-size:var(--awb-typography4-font-size);--awb-icon-alignment:left;--awb-hover-color:var(--awb-color2);--awb-border-color:var(--awb-color3);--awb-background-color:var(--awb-color1);--awb-divider-color:var(--awb-color3);--awb-divider-hover-color:var(--awb-color3);--awb-icon-color:var(--awb-color1);--awb-title-color:var(--awb-color8);--awb-content-color:var(--awb-color8);--awb-icon-box-color:#259aed;--awb-toggle-hover-accent-color:var(--awb-color5);--awb-toggle-active-accent-color:#b6d8ed;--awb-title-font-family:var(--awb-typography2-font-family);--awb-title-font-weight:var(--awb-typography2-font-weight);--awb-title-font-style:var(--awb-typography2-font-style);--awb-title-font-size:var(--awb-typography2-font-size);--awb-title-letter-spacing:var(--awb-typography2-letter-spacing);--awb-title-line-height:var(--awb-typography2-line-height);--awb-title-text-transform:var(--awb-typography2-text-transform);--awb-content-font-family:var(--awb-typography4-font-family);--awb-content-font-weight:var(--awb-typography4-font-weight);--awb-content-font-style:var(--awb-typography4-font-style);\"><div class=\"panel-group fusion-toggle-icon-boxed\" id=\"accordion-284-1\"><div class=\"fusion-panel panel-default panel-e358f0a2eab5bfae7 fusion-toggle-has-divider\" style=\"--awb-title-color:var(--awb-color8);\"><div class=\"panel-heading\"><h4 class=\"panel-title toggle\" id=\"toggle_e358f0a2eab5bfae7\"><a aria-expanded=\"false\" aria-controls=\"e358f0a2eab5bfae7\" role=\"button\" data-toggle=\"collapse\" data-target=\"#e358f0a2eab5bfae7\" href=\"#e358f0a2eab5bfae7\"><span class=\"fusion-toggle-icon-wrapper\" aria-hidden=\"true\"><i class=\"fa-fusion-box active-icon fa-plane-departure fas\" aria-hidden=\"true\"><\/i><i class=\"fa-fusion-box inactive-icon fa-plane-arrival fas\" aria-hidden=\"true\"><\/i><\/span><span class=\"fusion-toggle-heading\">Division des Affaires Juridiques<\/span><\/a><\/h4><\/div><div id=\"e358f0a2eab5bfae7\" class=\"panel-collapse collapse \" aria-labelledby=\"toggle_e358f0a2eab5bfae7\"><div class=\"panel-body toggle-content fusion-clearfix\">\n<p>La Direction des Affaires Juridiques a pour mission de:<\/p>\n<ul>\n<li>Assister la direction du transport a\u00e9rien dans la n\u00e9gociation des accords et dans la r\u00e9daction des aspects juridiques de ces accords;<\/li>\n<li>Fournir des consultations sur tout aspect relatif au droit a\u00e9rien international aux r\u00e9glementations internationales, aux organisations internationales de transport a\u00e9rien;<\/li>\n<li>\u00c9tudier et r\u00e9diger tous les textes et lois relatifs au transport a\u00e9rien; demande de l\u2019aviation en g\u00e9n\u00e9ral;<\/li>\n<li>D\u2019\u00e9tudier les aspects juridiques des dossiers de transport a\u00e9rien demande de permis d\u2019exploitation et autres.<\/li>\n<\/ul>\n<\/div><\/div><\/div><div class=\"fusion-panel panel-default panel-67a58d36dbf95f8c3 fusion-toggle-has-divider\" style=\"--awb-title-color:var(--awb-color8);\"><div class=\"panel-heading\"><h4 class=\"panel-title toggle\" id=\"toggle_67a58d36dbf95f8c3\"><a aria-expanded=\"false\" aria-controls=\"67a58d36dbf95f8c3\" role=\"button\" data-toggle=\"collapse\" data-target=\"#67a58d36dbf95f8c3\" href=\"#67a58d36dbf95f8c3\"><span class=\"fusion-toggle-icon-wrapper\" aria-hidden=\"true\"><i class=\"fa-fusion-box active-icon fa-plane-departure fas\" aria-hidden=\"true\"><\/i><i class=\"fa-fusion-box inactive-icon fa-plane-arrival fas\" aria-hidden=\"true\"><\/i><\/span><span class=\"fusion-toggle-heading\">Division des \u00c9tudes \u00e9conomiques<\/span><\/a><\/h4><\/div><div id=\"67a58d36dbf95f8c3\" class=\"panel-collapse collapse \" aria-labelledby=\"toggle_67a58d36dbf95f8c3\"><div class=\"panel-body toggle-content fusion-clearfix\">\n<p>La Division des \u00c9tudes \u00c9conomiques a pour mission de :<\/p>\n<ul>\n<li>Produire des analyses de march\u00e9 visant \u00e0 orienter les d\u00e9cisions de la direction g\u00e9n\u00e9rale;<\/li>\n<li>\u00a0\u00c9udier les bar\u00e8mes et taux applicables \u00e0 la navigation a\u00e9rienne;<\/li>\n<li>Approuver les tarifs et\/ou les taux exig\u00e9s au paiement des services a\u00e9riens;<\/li>\n<li>Publier les statistiques de transport a\u00e9rien;<\/li>\n<li>D\u00e9terminer le nombre de transporteur \u00e0 autoriser sur les segments de march\u00e9.<\/li>\n<\/ul>\n<\/div><\/div><\/div><\/div><\/div><div class=\"fusion-section-separator section-separator triangle fusion-section-separator-1\" style=\"--awb-border:1px solid #5aafed;--awb-spacer-height:calc( 1px * 2 );--awb-svg-margin-left:1.92%;--awb-svg-margin-right:1.92%;--awb-svg-margin-left-medium:1.92%;--awb-svg-margin-right-medium:1.92%;--awb-svg-margin-left-small:1.92%;--awb-svg-margin-right-small:1.92%;--awb-icon-color:var(--awb-color1);--awb-margin-top:50px;--awb-margin-bottom:50px;\"><div class=\"fusion-section-separator-svg\"><div class=\"divider-candy both\" style=\"background-color:#5aafed;border:1px solid #5aafed;\"><\/div><\/div><div class=\"fusion-section-separator-spacer\"><div class=\"fusion-section-separator-spacer-height\"><\/div><\/div><\/div><div class=\"fusion-text fusion-text-4\" style=\"--awb-content-alignment:center;--awb-font-size:var(--awb-typography4-font-size);--awb-line-height:var(--awb-typography4-line-height);--awb-letter-spacing:var(--awb-typography4-letter-spacing);--awb-text-transform:var(--awb-typography4-text-transform);--awb-text-font-family:var(--awb-typography4-font-family);--awb-text-font-weight:var(--awb-typography4-font-weight);--awb-text-font-style:var(--awb-typography4-font-style);\"><p style=\"text-align: center;\"><strong>D\u2019autres questions?<br \/>\n<\/strong><\/p>\n<p>Si vous avez des questions ou souhaitez obtenir plus d\u2019information, n\u2019h\u00e9sitez pas \u00e0 communiquer avec nous.<\/p>\n<\/div><div style=\"text-align:center;\"><a class=\"fusion-button button-3d fusion-button-default-size button-custom fusion-button-default button-1 fusion-button-default-span fusion-has-button-gradient\" style=\"--button_bevel_color:#b6d8ed;--button_bevel_color_hover:#2399ed;--button_accent_color:var(--awb-color1);--button_accent_hover_color:var(--awb-color1);--button_border_hover_color:var(--awb-color1);--button_gradient_top_color:#239ced;--button_gradient_bottom_color:#239fed;--button_gradient_top_color_hover:#b6d8ed;--button_gradient_bottom_color_hover:#b6d8ed;\" target=\"_self\" href=\"https:\/\/ofnac.gouv.ht\/index.php\/contact\/\"><i class=\"fa-address-book far button-icon-left\" aria-hidden=\"true\"><\/i><span class=\"fusion-button-text\">Contact<\/span><\/a><\/div><\/div><\/div><\/div><\/div><\/p>\n","protected":false},"excerpt":{"rendered":"","protected":false},"author":2,"featured_media":0,"parent":20,"menu_order":0,"comment_status":"closed","ping_status":"closed","template":"100-width.php","meta":{"footnotes":""},"class_list":["post-284","page","type-page","status-publish","hentry"],"_links":{"self":[{"href":"https:\/\/ofnac.gouv.ht\/index.php\/wp-json\/wp\/v2\/pages\/284","targetHints":{"allow":["GET"]}}],"collection":[{"href":"https:\/\/ofnac.gouv.ht\/index.php\/wp-json\/wp\/v2\/pages"}],"about":[{"href":"https:\/\/ofnac.gouv.ht\/index.php\/wp-json\/wp\/v2\/types\/page"}],"author":[{"embeddable":true,"href":"https:\/\/ofnac.gouv.ht\/index.php\/wp-json\/wp\/v2\/users\/2"}],"replies":[{"embeddable":true,"href":"https:\/\/ofnac.gouv.ht\/index.php\/wp-json\/wp\/v2\/comments?post=284"}],"version-history":[{"count":11,"href":"https:\/\/ofnac.gouv.ht\/index.php\/wp-json\/wp\/v2\/pages\/284\/revisions"}],"predecessor-version":[{"id":1607,"href":"https:\/\/ofnac.gouv.ht\/index.php\/wp-json\/wp\/v2\/pages\/284\/revisions\/1607"}],"up":[{"embeddable":true,"href":"https:\/\/ofnac.gouv.ht\/index.php\/wp-json\/wp\/v2\/pages\/20"}],"wp:attachment":[{"href":"https:\/\/ofnac.gouv.ht\/index.php\/wp-json\/wp\/v2\/media?parent=284"}],"curies":[{"name":"wp","href":"https:\/\/api.w.org\/{rel}","templated":true}]}}