{"id":878,"date":"2023-06-09T13:17:12","date_gmt":"2023-06-09T13:17:12","guid":{"rendered":"https:\/\/ofnac.gouv.ht\/?page_id=878"},"modified":"2025-01-14T16:57:10","modified_gmt":"2025-01-14T16:57:10","slug":"cfa","status":"publish","type":"page","link":"https:\/\/ofnac.gouv.ht\/index.php\/cfa\/","title":{"rendered":"Centre De Formation A\u00e9ronautique (CFA)"},"content":{"rendered":"<p><div class=\"fusion-fullwidth fullwidth-box fusion-builder-row-1 fusion-flex-container has-pattern-background has-mask-background nonhundred-percent-fullwidth non-hundred-percent-height-scrolling\" style=\"--link_color: #ffffff;--awb-border-radius-top-left:0px;--awb-border-radius-top-right:0px;--awb-border-radius-bottom-right:0px;--awb-border-radius-bottom-left:0px;--awb-background-color:#0d70bc;\" ><div class=\"fusion-builder-row fusion-row fusion-flex-align-items-flex-start\" style=\"max-width:1248px;margin-left: calc(-4% \/ 2 );margin-right: calc(-4% \/ 2 );\"><div class=\"fusion-layout-column fusion_builder_column fusion-builder-column-0 fusion_builder_column_1_1 1_1 fusion-flex-column\" style=\"--awb-bg-size:cover;--awb-width-large:100%;--awb-margin-top-large:0px;--awb-spacing-right-large:1.92%;--awb-margin-bottom-large:20px;--awb-spacing-left-large:1.92%;--awb-width-medium:100%;--awb-order-medium:0;--awb-spacing-right-medium:1.92%;--awb-spacing-left-medium:1.92%;--awb-width-small:100%;--awb-order-small:0;--awb-spacing-right-small:1.92%;--awb-spacing-left-small:1.92%;\"><div class=\"fusion-column-wrapper fusion-column-has-shadow fusion-flex-justify-content-flex-start fusion-content-layout-column\"><div class=\"fusion-title title fusion-title-1 fusion-sep-none fusion-title-center fusion-title-text fusion-title-size-one fusion-animated\" style=\"--awb-text-color:#ffffff;--awb-margin-top:30px;--awb-margin-bottom:20px;--awb-font-size:50px;\" data-animationType=\"fadeInLeft\" data-animationDuration=\"0.1\" data-animationOffset=\"top-into-view\"><h1 class=\"title-heading-center fusion-responsive-typography-calculated\" style=\"font-family:var(--awb-typography1-font-family);font-weight:var(--awb-typography1-font-weight);font-style:var(--awb-typography1-font-style);margin:0;font-size:1em;letter-spacing:-0.0005em;text-transform:var(--awb-typography1-text-transform);--fontSize:50;line-height:var(--awb-typography1-line-height);\"><p style=\"text-align: center;\"><a href=\"https:\/\/ofnac.gouv.ht\/\">OFNAC<\/a><\/p><\/h1><\/div><\/div><\/div><\/div><\/div><div class=\"fusion-fullwidth fullwidth-box fusion-builder-row-2 fusion-flex-container has-pattern-background has-mask-background nonhundred-percent-fullwidth non-hundred-percent-height-scrolling\" style=\"--awb-border-radius-top-left:0px;--awb-border-radius-top-right:0px;--awb-border-radius-bottom-right:0px;--awb-border-radius-bottom-left:0px;\" ><div class=\"fusion-builder-row fusion-row fusion-flex-align-items-flex-start\" style=\"max-width:1248px;margin-left: calc(-4% \/ 2 );margin-right: calc(-4% \/ 2 );\"><div class=\"fusion-layout-column fusion_builder_column fusion-builder-column-1 fusion_builder_column_1_1 1_1 fusion-flex-column\" style=\"--awb-bg-size:cover;--awb-width-large:100%;--awb-margin-top-large:0px;--awb-spacing-right-large:1.92%;--awb-margin-bottom-large:20px;--awb-spacing-left-large:1.92%;--awb-width-medium:100%;--awb-order-medium:0;--awb-spacing-right-medium:1.92%;--awb-spacing-left-medium:1.92%;--awb-width-small:100%;--awb-order-small:0;--awb-spacing-right-small:1.92%;--awb-spacing-left-small:1.92%;\"><div class=\"fusion-column-wrapper fusion-column-has-shadow fusion-flex-justify-content-flex-start fusion-content-layout-column\"><div class=\"fusion-separator fusion-full-width-sep\" style=\"align-self: center;margin-left: auto;margin-right: auto;flex-grow:1;margin-top:20px;margin-bottom:20px;width:100%;\"><\/div><\/div><\/div><\/div><\/div><div class=\"fusion-fullwidth fullwidth-box fusion-builder-row-3 fusion-flex-container has-pattern-background has-mask-background nonhundred-percent-fullwidth non-hundred-percent-height-scrolling\" style=\"--awb-border-radius-top-left:0px;--awb-border-radius-top-right:0px;--awb-border-radius-bottom-right:0px;--awb-border-radius-bottom-left:0px;--awb-background-color:#ffffff;\" ><div class=\"fusion-builder-row fusion-row fusion-flex-align-items-flex-start\" style=\"max-width:1248px;margin-left: calc(-4% \/ 2 );margin-right: calc(-4% \/ 2 );\"><div class=\"fusion-layout-column fusion_builder_column fusion-builder-column-2 fusion_builder_column_1_1 1_1 fusion-flex-column\" style=\"--awb-bg-size:cover;--awb-width-large:100%;--awb-margin-top-large:0px;--awb-spacing-right-large:1.92%;--awb-margin-bottom-large:20px;--awb-spacing-left-large:1.92%;--awb-width-medium:100%;--awb-order-medium:0;--awb-spacing-right-medium:1.92%;--awb-spacing-left-medium:1.92%;--awb-width-small:100%;--awb-order-small:0;--awb-spacing-right-small:1.92%;--awb-spacing-left-small:1.92%;\"><div class=\"fusion-column-wrapper fusion-column-has-shadow fusion-flex-justify-content-flex-start fusion-content-layout-column\"><div class=\"fusion-text fusion-text-1\" style=\"--awb-font-size:var(--awb-typography1-font-size);--awb-line-height:var(--awb-typography1-line-height);--awb-letter-spacing:var(--awb-typography1-letter-spacing);--awb-text-transform:var(--awb-typography1-text-transform);--awb-text-color:#1e78bc;--awb-margin-top:10px;--awb-text-font-family:var(--awb-typography1-font-family);--awb-text-font-weight:var(--awb-typography1-font-weight);--awb-text-font-style:var(--awb-typography1-font-style);\"><p style=\"text-align: center;\">Centre De Formation A\u00e9ronautique (CFA)<\/p>\n<\/div><\/div><\/div><\/div><\/div><div class=\"fusion-fullwidth fullwidth-box fusion-builder-row-4 fusion-flex-container has-pattern-background has-mask-background nonhundred-percent-fullwidth non-hundred-percent-height-scrolling\" style=\"--link_hover_color: #b6d8ed;--link_color: #259aed;--awb-border-radius-top-left:0px;--awb-border-radius-top-right:0px;--awb-border-radius-bottom-right:0px;--awb-border-radius-bottom-left:0px;\" ><div class=\"fusion-builder-row fusion-row fusion-flex-align-items-flex-start\" style=\"max-width:1248px;margin-left: calc(-4% \/ 2 );margin-right: calc(-4% \/ 2 );\"><div class=\"fusion-layout-column fusion_builder_column fusion-builder-column-3 fusion_builder_column_1_1 1_1 fusion-flex-column\" style=\"--awb-bg-size:cover;--awb-width-large:100%;--awb-margin-top-large:0px;--awb-spacing-right-large:1.92%;--awb-margin-bottom-large:20px;--awb-spacing-left-large:1.92%;--awb-width-medium:100%;--awb-order-medium:0;--awb-spacing-right-medium:1.92%;--awb-spacing-left-medium:1.92%;--awb-width-small:100%;--awb-order-small:0;--awb-spacing-right-small:1.92%;--awb-spacing-left-small:1.92%;\"><div class=\"fusion-column-wrapper fusion-column-has-shadow fusion-flex-justify-content-flex-start fusion-content-layout-column\"><div class=\"fusion-section-separator section-separator triangle fusion-section-separator-1\" style=\"--awb-border-top:1px solid #5aafed;--awb-spacer-height:1px;--awb-svg-margin-left:1.92%;--awb-svg-margin-right:1.92%;--awb-svg-margin-left-medium:1.92%;--awb-svg-margin-right-medium:1.92%;--awb-svg-margin-left-small:1.92%;--awb-svg-margin-right-small:1.92%;--awb-icon-color:var(--awb-color1);--awb-margin-top:20px;--awb-margin-bottom:40px;\"><div class=\"fusion-section-separator-svg\"><div class=\"divider-candy-arrow top\" style=\"bottom:0px;border-bottom-color: var(--awb-color2);\"><\/div><div class=\"divider-candy top\" style=\"top:-21px;border-bottom:1px solid #5aafed;border-left:1px solid #5aafed;\"><\/div><\/div><div class=\"fusion-section-separator-spacer\"><div class=\"fusion-section-separator-spacer-height\"><\/div><\/div><\/div><div class=\"fusion-text fusion-text-2 fusion-text-no-margin\" style=\"--awb-font-size:var(--awb-typography4-font-size);--awb-line-height:var(--awb-typography4-line-height);--awb-letter-spacing:var(--awb-typography4-letter-spacing);--awb-text-transform:var(--awb-typography4-text-transform);--awb-margin-top:10px;--awb-margin-bottom:30px;--awb-text-font-family:var(--awb-typography4-font-family);--awb-text-font-weight:var(--awb-typography4-font-weight);--awb-text-font-style:var(--awb-typography4-font-style);\"><p style=\"text-align: center;\">Il a \u00e9t\u00e9 pour la prise en charge de tout domaine de formation d\u2019aviation civile relevant de sa comp\u00e9tence.<\/p>\n<p style=\"text-align: center;\">Parce que l\u2019OFNAC est une Institution Nationale de l\u2019Etat Ha\u00eftien sous la tutelle du Ministre des Travaux Publics, Transports et Communications (MTPTC), le Centre de Formation est l\u00e9gitimement une <em><u>Autorit\u00e9 Acad\u00e9mique<\/u><\/em>\u00a0dans la dispense des cours visant la formation des contr\u00f4leurs a\u00e9riens, ainsi que des cadres de l\u2019Aviation Civile Ha\u00eftienne.<\/p>\n<\/div><div class=\"fusion-separator fusion-full-width-sep\" style=\"align-self: center;margin-left: auto;margin-right: auto;margin-top:30px;margin-bottom:30px;width:100%;\"><div class=\"fusion-separator-border sep-shadow\" style=\"--awb-height:20px;--awb-amount:20px;--awb-sep-color:#5aafed;background:radial-gradient(ellipse at 50% -50% , #5aafed 0px, rgba(255, 255, 255, 0) 80%) repeat scroll 0 0 rgba(0, 0, 0, 0);background:-webkit-radial-gradient(ellipse at 50% -50% , #5aafed 0px, rgba(255, 255, 255, 0) 80%) repeat scroll 0 0 rgba(0, 0, 0, 0);background:-moz-radial-gradient(ellipse at 50% -50% , #5aafed 0px, rgba(255, 255, 255, 0) 80%) repeat scroll 0 0 rgba(0, 0, 0, 0);background:-o-radial-gradient(ellipse at 50% -50% , #5aafed 0px, rgba(255, 255, 255, 0) 80%) repeat scroll 0 0 rgba(0, 0, 0, 0);\"><\/div><\/div><div class=\"fusion-text fusion-text-3 fusion-text-no-margin\" style=\"--awb-font-size:35px;--awb-line-height:1.1;--awb-letter-spacing:0px;--awb-text-transform:var(--awb-typography4-text-transform);--awb-text-color:#1e78bc;--awb-margin-top:20px;--awb-margin-bottom:20px;--awb-text-font-family:&quot;Libre Baskerville&quot;;--awb-text-font-style:normal;--awb-text-font-weight:400;\"><p style=\"text-align: center;\">Mission<\/p>\n<\/div><div class=\"fusion-text fusion-text-4\" style=\"--awb-font-size:var(--awb-typography4-font-size);--awb-line-height:var(--awb-typography4-line-height);--awb-letter-spacing:var(--awb-typography4-letter-spacing);--awb-text-transform:var(--awb-typography4-text-transform);--awb-text-font-family:var(--awb-typography4-font-family);--awb-text-font-weight:var(--awb-typography4-font-weight);--awb-text-font-style:var(--awb-typography4-font-style);\"><p style=\"text-align: center;\">Former, \u00c9duquer et Qualifier tout personnel recrut\u00e9 et tout personnel postulant \u00e0 l\u2019OFNAC par une formation de base a\u00e9ronautique et une formation sp\u00e9cialis\u00e9e.<\/p>\n<ol>\n<li><strong>PLANIFIER<\/strong>\u00a0tous les Stages de formation au b\u00e9n\u00e9fice du personnel interne et externe\u00a0;<\/li>\n<li><strong>FAIRE HOMOLOGUER<\/strong>\u00a0tout type de formation, les didacticiels ainsi que les Instructeurs\u00a0par la DSACH<\/li>\n<li><strong>FINALISER\u00a0<\/strong>le Recrutement des futurs postulants et fonctionnaires de l\u2019OFNAC par une\u00a0<strong>\u00e9valuation th\u00e9orique<\/strong> du stage de base d\u2019aviation civile, ou, le cas \u00e9ch\u00e9ant, par un concours d\u2019admission\u00a0selon le Manuel de Recrutement de l\u2019OFNAC;<\/li>\n<\/ol>\n<ol start=\"4\">\n<li><strong>REALISER<\/strong>\u00a0tout stage tel que d\u00e9fini et former le personnel au b\u00e9n\u00e9fice des Entit\u00e9s suivantes\u00a0:<\/li>\n<\/ol>\n<p style=\"text-align: left;\"><em>Navigation A\u00e9rienne\u00a0;<\/em><\/p>\n<p style=\"text-align: left;\"><em>Direction S\u00e9curit\u00e9 Aviation Civile (DSACH)\u00a0;<\/em><\/p>\n<p style=\"text-align: left;\"><em>Direction Transport A\u00e9rien (DTA)\u00a0;<\/em><\/p>\n<p style=\"text-align: left;\"><em>Direction S\u00fbret\u00e9 Aviation Civile et Facilitation (DSAF)\u00a0;<\/em><\/p>\n<p style=\"text-align: left;\"><em>Lignes A\u00e9riennes\u00a0;<\/em><\/p>\n<p style=\"text-align: left;\"><em>Direction Administrative et financi\u00e8re\u00a0 (DAF).<\/em><\/p>\n<ol start=\"5\">\n<li><strong>QUALIFIER<\/strong>\u00a0par un dipl\u00f4me de Licence, un dipl\u00f4me, ou un certificat, ou une attestation de stage tout \u00e9tudiant et stagiaire\u00a0;<\/li>\n<li><b>\u00c9TABLIR<\/b>\u00a0la\u00a0<u>Pratique d\u2019externalisation<\/u>\u00a0(<em>usages de Logiciels pour Zoom ou on-ligne et d\u2019instructeurs externes venus d\u2019autres Centres de Formation<\/em>).<\/li>\n<\/ol>\n<\/div><div class=\"fusion-text fusion-text-5\" style=\"--awb-font-size:35px;--awb-line-height:1.1;--awb-letter-spacing:0px;--awb-text-transform:var(--awb-typography4-text-transform);--awb-text-color:#1e78bc;--awb-margin-top:50px;--awb-text-font-family:&quot;Libre Baskerville&quot;;--awb-text-font-style:normal;--awb-text-font-weight:400;\"><p style=\"text-align: center;\">Gestion des Stages<\/p>\n<\/div><div class=\"fusion-text fusion-text-6 fusion-text-no-margin\" style=\"--awb-font-size:var(--awb-typography4-font-size);--awb-line-height:var(--awb-typography4-line-height);--awb-letter-spacing:var(--awb-typography4-letter-spacing);--awb-text-transform:var(--awb-typography4-text-transform);--awb-margin-bottom:20px;--awb-text-font-family:var(--awb-typography4-font-family);--awb-text-font-weight:var(--awb-typography4-font-weight);--awb-text-font-style:var(--awb-typography4-font-style);\"><ul>\n<li><strong>Etape 1 : <\/strong>Homologation du Programme de Formation ou de stage par le Service de Qualit\u00e9 et de S\u00e9curit\u00e9.<\/li>\n<li><strong>Etape 2 : <\/strong>Validation du \u00a0Document de \u00a0Plan de stage\u00a0 par la DSACH<\/li>\n<li><strong>Etape 3 : <\/strong>Planification de la chronologie des stages par le Directeur de Formation en tandem avec la Direction concern\u00e9e (R\u00e9f. Document de\u00a0<em>Plan de stage<\/em>)<\/li>\n<li><strong>Etape 4 : <\/strong>R\u00e9alisation\u00a0 du stage par le Service P\u00e9dagogique<\/li>\n<li><strong>Etape 5 : <\/strong>\u00c9valuation, Archivage de dossiers relatifs au stage.<\/li>\n<li><strong>Etape 6 : <\/strong>Activit\u00e9s de pr\u00e9paratifs pr\u00e9-stage, in-stage et post-stage par le TTS<\/li>\n<\/ul>\n<\/div><div class=\"fusion-text fusion-text-7\" style=\"--awb-font-size:35px;--awb-line-height:1.1;--awb-letter-spacing:0px;--awb-text-transform:var(--awb-typography4-text-transform);--awb-text-color:#1e78bc;--awb-margin-top:50px;--awb-text-font-family:&quot;Libre Baskerville&quot;;--awb-text-font-style:normal;--awb-text-font-weight:400;\"><p style=\"text-align: center;\">Domaine g\u00e9n\u00e9ral des stages de formation<\/p>\n<\/div><div class=\"fusion-text fusion-text-8\" style=\"--awb-font-size:var(--awb-typography4-font-size);--awb-line-height:var(--awb-typography4-line-height);--awb-letter-spacing:var(--awb-typography4-letter-spacing);--awb-text-transform:var(--awb-typography4-text-transform);--awb-text-font-family:var(--awb-typography4-font-family);--awb-text-font-weight:var(--awb-typography4-font-weight);--awb-text-font-style:var(--awb-typography4-font-style);\"><ul>\n<li>Formation de Base en Aviation Civile<\/li>\n<li>Formation au Pilotage (Licence de Pilote Priv\u00e9)<\/li>\n<li>Formation au Contr\u00f4le de la Circulation A\u00e9rienne (<em>A\u00e9rodrome \u2013 approche \u2013 Contr\u00f4le R\u00e9gional<\/em>)<\/li>\n<li>Formation d\u2019Inspecteurs de Suret\u00e9 et de S\u00e9curit\u00e9<\/li>\n<li>Formation en M\u00e9t\u00e9o A\u00e9ronautique<\/li>\n<li>Formation en Exploitations a\u00e9roportuaires<\/li>\n<li>Formation d\u2019Instructeur, d\u2019Examinateurs et d\u2019Evaluateurs<\/li>\n<\/ul>\n<\/div><div class=\"fusion-separator fusion-full-width-sep\" style=\"align-self: center;margin-left: auto;margin-right: auto;margin-top:50px;margin-bottom:50px;width:100%;\"><div class=\"fusion-separator-border sep-shadow\" style=\"--awb-height:20px;--awb-amount:20px;--awb-sep-color:#5aafed;background:radial-gradient(ellipse at 50% -50% , #5aafed 0px, rgba(255, 255, 255, 0) 80%) repeat scroll 0 0 rgba(0, 0, 0, 0);background:-webkit-radial-gradient(ellipse at 50% -50% , #5aafed 0px, rgba(255, 255, 255, 0) 80%) repeat scroll 0 0 rgba(0, 0, 0, 0);background:-moz-radial-gradient(ellipse at 50% -50% , #5aafed 0px, rgba(255, 255, 255, 0) 80%) repeat scroll 0 0 rgba(0, 0, 0, 0);background:-o-radial-gradient(ellipse at 50% -50% , #5aafed 0px, rgba(255, 255, 255, 0) 80%) repeat scroll 0 0 rgba(0, 0, 0, 0);\"><\/div><\/div><div class=\"fusion-text fusion-text-9 fusion-text-no-margin\" style=\"--awb-font-size:35px;--awb-line-height:1.1;--awb-letter-spacing:0px;--awb-text-transform:var(--awb-typography4-text-transform);--awb-text-color:#1e78bc;--awb-margin-top:20px;--awb-margin-bottom:30px;--awb-text-font-family:&quot;Libre Baskerville&quot;;--awb-text-font-style:normal;--awb-text-font-weight:400;\"><p style=\"text-align: center;\">Services<\/p>\n<\/div><div class=\"fusion-text fusion-text-10 fusion-text-no-margin\" style=\"--awb-font-size:var(--awb-typography4-font-size);--awb-line-height:var(--awb-typography4-line-height);--awb-letter-spacing:var(--awb-typography4-letter-spacing);--awb-text-transform:var(--awb-typography4-text-transform);--awb-margin-top:20px;--awb-margin-bottom:20px;--awb-text-font-family:var(--awb-typography4-font-family);--awb-text-font-weight:var(--awb-typography4-font-weight);--awb-text-font-style:var(--awb-typography4-font-style);\"><p style=\"text-align: center;\">Cette Direction comporte <strong>4<\/strong> Services<\/p>\n<\/div><div class=\"accordian fusion-accordian\" style=\"--awb-border-size:1px;--awb-icon-size:16px;--awb-content-font-size:var(--awb-typography4-font-size);--awb-content-letter-spacing:var(--awb-typography4-letter-spacing);--awb-content-text-transform:var(--awb-typography4-text-transform);--awb-content-line-height:var(--awb-typography4-line-height);--awb-icon-alignment:left;--awb-hover-color:var(--awb-color2);--awb-border-color:var(--awb-color3);--awb-background-color:var(--awb-color1);--awb-divider-color:var(--awb-color3);--awb-divider-hover-color:var(--awb-color3);--awb-icon-color:#ffffff;--awb-title-color:var(--awb-color8);--awb-content-color:var(--awb-color8);--awb-icon-box-color:#259ded;--awb-toggle-hover-accent-color:#b6d8ed;--awb-title-font-family:&quot;Roboto&quot;;--awb-title-font-weight:400;--awb-title-font-style:normal;--awb-title-font-size:20px;--awb-title-letter-spacing:var(--awb-typography2-letter-spacing);--awb-title-line-height:var(--awb-typography2-line-height);--awb-title-text-transform:var(--awb-typography2-text-transform);--awb-content-font-family:var(--awb-typography4-font-family);--awb-content-font-weight:var(--awb-typography4-font-weight);--awb-content-font-style:var(--awb-typography4-font-style);\"><div class=\"panel-group fusion-toggle-icon-boxed\" id=\"accordion-878-1\"><div class=\"fusion-panel panel-default panel-9d9c3c3d53cd14379 fusion-toggle-has-divider\" style=\"--awb-content-font-size:var(--awb-typography4-font-size);--awb-content-letter-spacing:var(--awb-typography4-letter-spacing);--awb-content-text-transform:var(--awb-typography4-text-transform);--awb-content-line-height:var(--awb-typography4-line-height);--awb-content-font-family:var(--awb-typography4-font-family);--awb-content-font-weight:var(--awb-typography4-font-weight);--awb-content-font-style:var(--awb-typography4-font-style);--awb-title-font-family:&quot;Roboto&quot;;--awb-title-font-weight:400;--awb-title-font-style:normal;--awb-title-font-size:20px;--awb-title-letter-spacing:var(--awb-typography2-letter-spacing);--awb-title-line-height:var(--awb-typography2-line-height);--awb-title-text-transform:var(--awb-typography2-text-transform);--awb-title-color:#1e78bc;\"><div class=\"panel-heading\"><h4 class=\"panel-title toggle\" id=\"toggle_9d9c3c3d53cd14379\"><a aria-expanded=\"false\" aria-controls=\"9d9c3c3d53cd14379\" role=\"button\" data-toggle=\"collapse\" data-target=\"#9d9c3c3d53cd14379\" href=\"#9d9c3c3d53cd14379\"><span class=\"fusion-toggle-icon-wrapper\" aria-hidden=\"true\"><i class=\"fa-fusion-box active-icon fa-plane-departure fas\" aria-hidden=\"true\"><\/i><i class=\"fa-fusion-box inactive-icon fa-plane-arrival fas\" aria-hidden=\"true\"><\/i><\/span><span class=\"fusion-toggle-heading\">Service P\u00e9dagogique<\/span><\/a><\/h4><\/div><div id=\"9d9c3c3d53cd14379\" class=\"panel-collapse collapse \" aria-labelledby=\"toggle_9d9c3c3d53cd14379\"><div class=\"panel-body toggle-content fusion-clearfix\"><\/div><\/div><\/div><div class=\"fusion-panel panel-default panel-b60740e2e6f481948 fusion-toggle-has-divider\" style=\"--awb-content-font-size:var(--awb-typography4-font-size);--awb-content-letter-spacing:var(--awb-typography4-letter-spacing);--awb-content-text-transform:var(--awb-typography4-text-transform);--awb-content-line-height:var(--awb-typography4-line-height);--awb-content-font-family:var(--awb-typography4-font-family);--awb-content-font-weight:var(--awb-typography4-font-weight);--awb-content-font-style:var(--awb-typography4-font-style);--awb-title-font-family:&quot;Roboto&quot;;--awb-title-font-weight:400;--awb-title-font-style:normal;--awb-title-font-size:20px;--awb-title-letter-spacing:var(--awb-typography2-letter-spacing);--awb-title-line-height:var(--awb-typography2-line-height);--awb-title-text-transform:var(--awb-typography2-text-transform);--awb-title-color:#1e78bc;\"><div class=\"panel-heading\"><h4 class=\"panel-title toggle\" id=\"toggle_b60740e2e6f481948\"><a aria-expanded=\"false\" aria-controls=\"b60740e2e6f481948\" role=\"button\" data-toggle=\"collapse\" data-target=\"#b60740e2e6f481948\" href=\"#b60740e2e6f481948\"><span class=\"fusion-toggle-icon-wrapper\" aria-hidden=\"true\"><i class=\"fa-fusion-box active-icon fa-plane-departure fas\" aria-hidden=\"true\"><\/i><i class=\"fa-fusion-box inactive-icon fa-plane-arrival fas\" aria-hidden=\"true\"><\/i><\/span><span class=\"fusion-toggle-heading\">Service d\u2019Assistance Administrative et Logistique<\/span><\/a><\/h4><\/div><div id=\"b60740e2e6f481948\" class=\"panel-collapse collapse \" aria-labelledby=\"toggle_b60740e2e6f481948\"><div class=\"panel-body toggle-content fusion-clearfix\"><\/div><\/div><\/div><div class=\"fusion-panel panel-default panel-67adbde84a261bb14 fusion-toggle-has-divider\" style=\"--awb-content-font-size:var(--awb-typography4-font-size);--awb-content-letter-spacing:var(--awb-typography4-letter-spacing);--awb-content-text-transform:var(--awb-typography4-text-transform);--awb-content-line-height:var(--awb-typography4-line-height);--awb-content-font-family:var(--awb-typography4-font-family);--awb-content-font-weight:var(--awb-typography4-font-weight);--awb-content-font-style:var(--awb-typography4-font-style);--awb-title-font-family:&quot;Roboto&quot;;--awb-title-font-weight:400;--awb-title-font-style:normal;--awb-title-font-size:20px;--awb-title-letter-spacing:var(--awb-typography2-letter-spacing);--awb-title-line-height:var(--awb-typography2-line-height);--awb-title-text-transform:var(--awb-typography2-text-transform);--awb-title-color:#1e78bc;\"><div class=\"panel-heading\"><h4 class=\"panel-title toggle\" id=\"toggle_67adbde84a261bb14\"><a aria-expanded=\"false\" aria-controls=\"67adbde84a261bb14\" role=\"button\" data-toggle=\"collapse\" data-target=\"#67adbde84a261bb14\" href=\"#67adbde84a261bb14\"><span class=\"fusion-toggle-icon-wrapper\" aria-hidden=\"true\"><i class=\"fa-fusion-box active-icon fa-plane-departure fas\" aria-hidden=\"true\"><\/i><i class=\"fa-fusion-box inactive-icon fa-plane-arrival fas\" aria-hidden=\"true\"><\/i><\/span><span class=\"fusion-toggle-heading\">Service de Qualit\u00e9 et de S\u00e9curit\u00e9<\/span><\/a><\/h4><\/div><div id=\"67adbde84a261bb14\" class=\"panel-collapse collapse \" aria-labelledby=\"toggle_67adbde84a261bb14\"><div class=\"panel-body toggle-content fusion-clearfix\"><\/div><\/div><\/div><div class=\"fusion-panel panel-default panel-ad43ac39432682fb5 fusion-toggle-has-divider\" style=\"--awb-content-font-size:var(--awb-typography4-font-size);--awb-content-letter-spacing:var(--awb-typography4-letter-spacing);--awb-content-text-transform:var(--awb-typography4-text-transform);--awb-content-line-height:var(--awb-typography4-line-height);--awb-content-font-family:var(--awb-typography4-font-family);--awb-content-font-weight:var(--awb-typography4-font-weight);--awb-content-font-style:var(--awb-typography4-font-style);--awb-title-font-family:&quot;Roboto&quot;;--awb-title-font-weight:400;--awb-title-font-style:normal;--awb-title-font-size:20px;--awb-title-letter-spacing:var(--awb-typography2-letter-spacing);--awb-title-line-height:var(--awb-typography2-line-height);--awb-title-text-transform:var(--awb-typography2-text-transform);--awb-title-color:#1e78bc;\"><div class=\"panel-heading\"><h4 class=\"panel-title toggle\" id=\"toggle_ad43ac39432682fb5\"><a aria-expanded=\"false\" aria-controls=\"ad43ac39432682fb5\" role=\"button\" data-toggle=\"collapse\" data-target=\"#ad43ac39432682fb5\" href=\"#ad43ac39432682fb5\"><span class=\"fusion-toggle-icon-wrapper\" aria-hidden=\"true\"><i class=\"fa-fusion-box active-icon fa-plane-departure fas\" aria-hidden=\"true\"><\/i><i class=\"fa-fusion-box inactive-icon fa-plane-arrival fas\" aria-hidden=\"true\"><\/i><\/span><span class=\"fusion-toggle-heading\">Service des Equipements Technologiques<\/span><\/a><\/h4><\/div><div id=\"ad43ac39432682fb5\" class=\"panel-collapse collapse \" aria-labelledby=\"toggle_ad43ac39432682fb5\"><div class=\"panel-body toggle-content fusion-clearfix\"><\/div><\/div><\/div><\/div><\/div><\/div><\/div><\/div><\/div><\/p>\n","protected":false},"excerpt":{"rendered":"","protected":false},"author":4,"featured_media":0,"parent":0,"menu_order":0,"comment_status":"closed","ping_status":"closed","template":"100-width.php","meta":{"footnotes":""},"class_list":["post-878","page","type-page","status-publish","hentry"],"_links":{"self":[{"href":"https:\/\/ofnac.gouv.ht\/index.php\/wp-json\/wp\/v2\/pages\/878","targetHints":{"allow":["GET"]}}],"collection":[{"href":"https:\/\/ofnac.gouv.ht\/index.php\/wp-json\/wp\/v2\/pages"}],"about":[{"href":"https:\/\/ofnac.gouv.ht\/index.php\/wp-json\/wp\/v2\/types\/page"}],"author":[{"embeddable":true,"href":"https:\/\/ofnac.gouv.ht\/index.php\/wp-json\/wp\/v2\/users\/4"}],"replies":[{"embeddable":true,"href":"https:\/\/ofnac.gouv.ht\/index.php\/wp-json\/wp\/v2\/comments?post=878"}],"version-history":[{"count":27,"href":"https:\/\/ofnac.gouv.ht\/index.php\/wp-json\/wp\/v2\/pages\/878\/revisions"}],"predecessor-version":[{"id":2126,"href":"https:\/\/ofnac.gouv.ht\/index.php\/wp-json\/wp\/v2\/pages\/878\/revisions\/2126"}],"wp:attachment":[{"href":"https:\/\/ofnac.gouv.ht\/index.php\/wp-json\/wp\/v2\/media?parent=878"}],"curies":[{"name":"wp","href":"https:\/\/api.w.org\/{rel}","templated":true}]}}